{"id":994,"date":"2026-04-12T15:43:49","date_gmt":"2026-04-12T15:43:49","guid":{"rendered":"https:\/\/silk-pajamas.com\/16-momme-stretch-silk-mulberry-silk-panties-seamless-rose\/"},"modified":"2026-04-16T07:34:27","modified_gmt":"2026-04-16T07:34:27","slug":"16-momme-stretch-silk-mulberry-silk-panties-seamless-rose","status":"publish","type":"product","link":"https:\/\/silk-pajamas.com\/es\/16-momme-stretch-silk-mulberry-silk-panties-seamless-rose\/","title":{"rendered":"16 Momme Braguitas de seda el\u00e1stica Mulberry Rosa sin costuras"},"content":{"rendered":"<p>Este slip de seda est\u00e1 confeccionado en seda el\u00e1stica de 16 momme en tono rosa. No tiene costuras, tiene un tacto suave y una ca\u00edda c\u00f3moda para el uso diario. Este modelo es compatible con las tallas XL, XXL, 3XL y 4XL y es ideal para la primavera, para regalar o para el d\u00eda a d\u00eda. Lavar a mano en fr\u00edo o en ciclo delicado.<\/p>","protected":false},"excerpt":{"rendered":"<p>16 Braguitas Momme Stretch Silk de seda en color rosa. Acabado sin costuras, tacto ligero y tallas XL, XXL, 3XL, 4XL. Dise\u00f1ado para el uso diario.<\/p>","protected":false},"featured_media":1129,"template":"","meta":{"_gspb_post_css":""},"product_brand":[],"product_cat":[39],"product_tag":[1029,1030,1028],"class_list":{"0":"post-994","1":"product","2":"type-product","3":"status-publish","4":"has-post-thumbnail","6":"product_cat-silk-panties","7":"product_tag-16-momme-silk-panties-rose","8":"product_tag-stretch-silk-silk-panties-seamless","9":"product_tag-supplier-silk-panties-for-daily-wear","11":"first","12":"instock","13":"shipping-taxable","14":"purchasable","15":"product-type-simple"},"_links":{"self":[{"href":"https:\/\/silk-pajamas.com\/es\/wp-json\/wp\/v2\/product\/994","targetHints":{"allow":["GET"]}}],"collection":[{"href":"https:\/\/silk-pajamas.com\/es\/wp-json\/wp\/v2\/product"}],"about":[{"href":"https:\/\/silk-pajamas.com\/es\/wp-json\/wp\/v2\/types\/product"}],"wp:featuredmedia":[{"embeddable":true,"href":"https:\/\/silk-pajamas.com\/es\/wp-json\/wp\/v2\/media\/1129"}],"wp:attachment":[{"href":"https:\/\/silk-pajamas.com\/es\/wp-json\/wp\/v2\/media?parent=994"}],"wp:term":[{"taxonomy":"product_brand","embeddable":true,"href":"https:\/\/silk-pajamas.com\/es\/wp-json\/wp\/v2\/product_brand?post=994"},{"taxonomy":"product_cat","embeddable":true,"href":"https:\/\/silk-pajamas.com\/es\/wp-json\/wp\/v2\/product_cat?post=994"},{"taxonomy":"product_tag","embeddable":true,"href":"https:\/\/silk-pajamas.com\/es\/wp-json\/wp\/v2\/product_tag?post=994"}],"curies":[{"name":"wp","href":"https:\/\/api.w.org\/{rel}","templated":true}]}}