{"id":997,"date":"2026-04-12T15:43:50","date_gmt":"2026-04-12T15:43:50","guid":{"rendered":"https:\/\/silk-pajamas.com\/22-momme-stretch-silk-panties-french-cut-sage-supplier\/"},"modified":"2026-04-16T06:52:41","modified_gmt":"2026-04-16T06:52:41","slug":"22-momme-stretch-silk-panties-french-cut-sage-supplier","status":"publish","type":"product","link":"https:\/\/silk-pajamas.com\/es\/22-momme-stretch-silk-panties-french-cut-sage-supplier\/","title":{"rendered":"22 Braguitas Momme de seda el\u00e1stica y corte franc\u00e9s Proveedor Sage"},"content":{"rendered":"<p>Esta braguita de seda est\u00e1 confeccionada en seda el\u00e1stica 22 momme en tono salvia. Presenta corte franc\u00e9s, tacto suave y ca\u00edda c\u00f3moda para pieles sensibles. Este modelo es compatible con las tallas XL, XXL, 3XL y 4XL y es ideal para la primavera, para regalar o para el d\u00eda a d\u00eda. Lavar a mano en fr\u00edo o en ciclo suave.<\/p>","protected":false},"excerpt":{"rendered":"<p>Calzoncillos 22 Momme Stretch Silk de seda en color Sage. Acabado de corte franc\u00e9s, tacto ligero y tallas XL, XXL, 3XL, 4XL. Dise\u00f1ado para pieles sensibles.<\/p>","protected":false},"featured_media":1049,"template":"","meta":{"_gspb_post_css":""},"product_brand":[],"product_cat":[39],"product_tag":[1035,1036,1037],"class_list":{"0":"post-997","1":"product","2":"type-product","3":"status-publish","4":"has-post-thumbnail","6":"product_cat-silk-panties","7":"product_tag-22-momme-silk-panties-sage","8":"product_tag-stretch-silk-silk-panties-french-cut","9":"product_tag-vendor-silk-panties-for-sensitive-skin","11":"first","12":"instock","13":"shipping-taxable","14":"purchasable","15":"product-type-simple"},"_links":{"self":[{"href":"https:\/\/silk-pajamas.com\/es\/wp-json\/wp\/v2\/product\/997","targetHints":{"allow":["GET"]}}],"collection":[{"href":"https:\/\/silk-pajamas.com\/es\/wp-json\/wp\/v2\/product"}],"about":[{"href":"https:\/\/silk-pajamas.com\/es\/wp-json\/wp\/v2\/types\/product"}],"wp:featuredmedia":[{"embeddable":true,"href":"https:\/\/silk-pajamas.com\/es\/wp-json\/wp\/v2\/media\/1049"}],"wp:attachment":[{"href":"https:\/\/silk-pajamas.com\/es\/wp-json\/wp\/v2\/media?parent=997"}],"wp:term":[{"taxonomy":"product_brand","embeddable":true,"href":"https:\/\/silk-pajamas.com\/es\/wp-json\/wp\/v2\/product_brand?post=997"},{"taxonomy":"product_cat","embeddable":true,"href":"https:\/\/silk-pajamas.com\/es\/wp-json\/wp\/v2\/product_cat?post=997"},{"taxonomy":"product_tag","embeddable":true,"href":"https:\/\/silk-pajamas.com\/es\/wp-json\/wp\/v2\/product_tag?post=997"}],"curies":[{"name":"wp","href":"https:\/\/api.w.org\/{rel}","templated":true}]}}