{"id":998,"date":"2026-04-12T15:43:50","date_gmt":"2026-04-12T15:43:50","guid":{"rendered":"https:\/\/silk-pajamas.com\/22-momme-stretch-silk-mulberry-silk-panties-high-rise-lilac\/"},"modified":"2026-04-16T06:55:10","modified_gmt":"2026-04-16T06:55:10","slug":"22-momme-stretch-silk-mulberry-silk-panties-high-rise-lilac","status":"publish","type":"product","link":"https:\/\/silk-pajamas.com\/es\/22-momme-stretch-silk-mulberry-silk-panties-high-rise-lilac\/","title":{"rendered":"22 Braguitas Momme Stretch Seda Mulberry High Rise Lila"},"content":{"rendered":"<p>Este slip de seda est\u00e1 confeccionado en seda el\u00e1stica 22 momme en tono lila. Es de talle alto, tiene un tacto suave y una ca\u00edda c\u00f3moda para llevar a diario. Este modelo es compatible con las tallas XL, XXL, 3XL y 4XL y es ideal para la primavera, para regalar o para el d\u00eda a d\u00eda. Lavar a mano en fr\u00edo o en ciclo delicado.<\/p>","protected":false},"excerpt":{"rendered":"<p>22 Braguitas Momme Stretch Silk de seda en color lila. Acabado High Rise, sensaci\u00f3n de ca\u00edda suave y tallas XL, XXL, 3XL, 4XL. Dise\u00f1ado para el uso diario.<\/p>","protected":false},"featured_media":1054,"template":"","meta":{"_gspb_post_css":""},"product_brand":[],"product_cat":[39],"product_tag":[1038,1027,1025],"class_list":{"0":"post-998","1":"product","2":"type-product","3":"status-publish","4":"has-post-thumbnail","6":"product_cat-silk-panties","7":"product_tag-22-momme-silk-panties-lilac","8":"product_tag-stretch-silk-silk-panties-high-rise","9":"product_tag-vendor-silk-panties-for-daily-wear","11":"first","12":"instock","13":"shipping-taxable","14":"purchasable","15":"product-type-simple"},"_links":{"self":[{"href":"https:\/\/silk-pajamas.com\/es\/wp-json\/wp\/v2\/product\/998","targetHints":{"allow":["GET"]}}],"collection":[{"href":"https:\/\/silk-pajamas.com\/es\/wp-json\/wp\/v2\/product"}],"about":[{"href":"https:\/\/silk-pajamas.com\/es\/wp-json\/wp\/v2\/types\/product"}],"wp:featuredmedia":[{"embeddable":true,"href":"https:\/\/silk-pajamas.com\/es\/wp-json\/wp\/v2\/media\/1054"}],"wp:attachment":[{"href":"https:\/\/silk-pajamas.com\/es\/wp-json\/wp\/v2\/media?parent=998"}],"wp:term":[{"taxonomy":"product_brand","embeddable":true,"href":"https:\/\/silk-pajamas.com\/es\/wp-json\/wp\/v2\/product_brand?post=998"},{"taxonomy":"product_cat","embeddable":true,"href":"https:\/\/silk-pajamas.com\/es\/wp-json\/wp\/v2\/product_cat?post=998"},{"taxonomy":"product_tag","embeddable":true,"href":"https:\/\/silk-pajamas.com\/es\/wp-json\/wp\/v2\/product_tag?post=998"}],"curies":[{"name":"wp","href":"https:\/\/api.w.org\/{rel}","templated":true}]}}