{"id":999,"date":"2026-04-12T15:43:50","date_gmt":"2026-04-12T15:43:50","guid":{"rendered":"https:\/\/silk-pajamas.com\/22-momme-stretch-silk-mulberry-silk-panties-lace-trim-silver\/"},"modified":"2026-04-16T06:59:23","modified_gmt":"2026-04-16T06:59:23","slug":"22-momme-stretch-silk-mulberry-silk-panties-lace-trim-silver","status":"publish","type":"product","link":"https:\/\/silk-pajamas.com\/es\/22-momme-stretch-silk-mulberry-silk-panties-lace-trim-silver\/","title":{"rendered":"22 Braguitas Momme Seda Stretch Mulberry Encaje Plata"},"content":{"rendered":"<p>Este slip de seda est\u00e1 confeccionado en seda el\u00e1stica de 22 momme en tono plateado. Presenta un ribete de encaje, un tacto suave y una ca\u00edda c\u00f3moda para la mujer. Este modelo es compatible con las tallas S, M, L y XL y es ideal para llevar en cualquier \u00e9poca del a\u00f1o, para regalar o para el d\u00eda a d\u00eda. Lavar a mano en fr\u00edo o en ciclo delicado.<\/p>","protected":false},"excerpt":{"rendered":"<p>Braguita 22 Momme Stretch Silk en seda plateada. Acabado con ribete de encaje, sensaci\u00f3n de ca\u00edda suave y tallas S, M, L, XL. Dise\u00f1ado para la mujer.<\/p>","protected":false},"featured_media":1059,"template":"","meta":{"_gspb_post_css":""},"product_brand":[],"product_cat":[39],"product_tag":[1039,1024,1040],"class_list":{"0":"post-999","1":"product","2":"type-product","3":"status-publish","4":"has-post-thumbnail","6":"product_cat-silk-panties","7":"product_tag-22-momme-silk-panties-silver","8":"product_tag-stretch-silk-silk-panties-lace-trim","9":"product_tag-vendor-silk-panties-for-women","11":"first","12":"instock","13":"shipping-taxable","14":"purchasable","15":"product-type-simple"},"_links":{"self":[{"href":"https:\/\/silk-pajamas.com\/es\/wp-json\/wp\/v2\/product\/999","targetHints":{"allow":["GET"]}}],"collection":[{"href":"https:\/\/silk-pajamas.com\/es\/wp-json\/wp\/v2\/product"}],"about":[{"href":"https:\/\/silk-pajamas.com\/es\/wp-json\/wp\/v2\/types\/product"}],"wp:featuredmedia":[{"embeddable":true,"href":"https:\/\/silk-pajamas.com\/es\/wp-json\/wp\/v2\/media\/1059"}],"wp:attachment":[{"href":"https:\/\/silk-pajamas.com\/es\/wp-json\/wp\/v2\/media?parent=999"}],"wp:term":[{"taxonomy":"product_brand","embeddable":true,"href":"https:\/\/silk-pajamas.com\/es\/wp-json\/wp\/v2\/product_brand?post=999"},{"taxonomy":"product_cat","embeddable":true,"href":"https:\/\/silk-pajamas.com\/es\/wp-json\/wp\/v2\/product_cat?post=999"},{"taxonomy":"product_tag","embeddable":true,"href":"https:\/\/silk-pajamas.com\/es\/wp-json\/wp\/v2\/product_tag?post=999"}],"curies":[{"name":"wp","href":"https:\/\/api.w.org\/{rel}","templated":true}]}}