{"id":1001,"date":"2026-04-12T15:43:50","date_gmt":"2026-04-12T15:43:50","guid":{"rendered":"https:\/\/silk-pajamas.com\/19-momme-charmeuse-mulberry-silk-panties-french-cut-blush\/"},"modified":"2026-04-16T07:02:00","modified_gmt":"2026-04-16T07:02:00","slug":"19-momme-charmeuse-mulberry-silk-panties-french-cut-blush","status":"publish","type":"product","link":"https:\/\/silk-pajamas.com\/fr\/19-momme-charmeuse-mulberry-silk-panties-french-cut-blush\/","title":{"rendered":"19 Momme Charmeuse Mulberry Silk Panties French Cut Blush"},"content":{"rendered":"<p>Cette culotte en soie est fabriqu\u00e9e \u00e0 partir de 19 momme charmeuse de soie dans un ton blush. Il pr\u00e9sente une coupe fran\u00e7aise, un toucher doux et un drap\u00e9 confortable pour un usage quotidien. Ce mod\u00e8le convient aux tailles S, M, L et XL et convient parfaitement aux tenues d'\u00e9t\u00e9, aux cadeaux et au confort quotidien. Laver \u00e0 la main \u00e0 froid ou utiliser un cycle d\u00e9licat.<\/p>","protected":false},"excerpt":{"rendered":"<p>19 Culotte en soie Momme Charmeuse en Blush. Finition French Cut, toucher drap\u00e9 et taille S, M, L, XL. Con\u00e7ue pour un usage quotidien.<\/p>","protected":false},"featured_media":1067,"template":"","meta":{"_gspb_post_css":""},"product_brand":[],"product_cat":[39],"product_tag":[1043,1044,1025],"class_list":{"0":"post-1001","1":"product","2":"type-product","3":"status-publish","4":"has-post-thumbnail","6":"product_cat-silk-panties","7":"product_tag-19-momme-silk-panties-blush","8":"product_tag-charmeuse-silk-panties-french-cut","9":"product_tag-vendor-silk-panties-for-daily-wear","11":"first","12":"instock","13":"shipping-taxable","14":"purchasable","15":"product-type-simple"},"_links":{"self":[{"href":"https:\/\/silk-pajamas.com\/fr\/wp-json\/wp\/v2\/product\/1001","targetHints":{"allow":["GET"]}}],"collection":[{"href":"https:\/\/silk-pajamas.com\/fr\/wp-json\/wp\/v2\/product"}],"about":[{"href":"https:\/\/silk-pajamas.com\/fr\/wp-json\/wp\/v2\/types\/product"}],"wp:featuredmedia":[{"embeddable":true,"href":"https:\/\/silk-pajamas.com\/fr\/wp-json\/wp\/v2\/media\/1067"}],"wp:attachment":[{"href":"https:\/\/silk-pajamas.com\/fr\/wp-json\/wp\/v2\/media?parent=1001"}],"wp:term":[{"taxonomy":"product_brand","embeddable":true,"href":"https:\/\/silk-pajamas.com\/fr\/wp-json\/wp\/v2\/product_brand?post=1001"},{"taxonomy":"product_cat","embeddable":true,"href":"https:\/\/silk-pajamas.com\/fr\/wp-json\/wp\/v2\/product_cat?post=1001"},{"taxonomy":"product_tag","embeddable":true,"href":"https:\/\/silk-pajamas.com\/fr\/wp-json\/wp\/v2\/product_tag?post=1001"}],"curies":[{"name":"wp","href":"https:\/\/api.w.org\/{rel}","templated":true}]}}