{"id":1002,"date":"2026-04-12T15:43:50","date_gmt":"2026-04-12T15:43:50","guid":{"rendered":"https:\/\/silk-pajamas.com\/19-momme-sandwashed-mulberry-silk-panties-lace-trim-emerald\/"},"modified":"2026-04-16T07:04:31","modified_gmt":"2026-04-16T07:04:31","slug":"19-momme-sandwashed-mulberry-silk-panties-lace-trim-emerald","status":"publish","type":"product","link":"https:\/\/silk-pajamas.com\/fr\/19-momme-sandwashed-mulberry-silk-panties-lace-trim-emerald\/","title":{"rendered":"19 Momme Sandwashed Mulberry Silk Panties Lace Trim Emerald"},"content":{"rendered":"<p>Fabriqu\u00e9e avec de la soie chin\u00e9e de 19 mm, cette culotte en soie est infroissable, douce au toucher et \u00e9l\u00e9gante au niveau du mouvement. La finition en dentelle et la couleur \u00e9meraude lui conf\u00e8rent une allure \u00e9l\u00e9gante pour un usage quotidien. Disponible en XL, XXL, 3XL, 4XL. Laver \u00e0 la main \u00e0 froid ou utiliser un cycle d\u00e9licat.<\/p>","protected":false},"excerpt":{"rendered":"<p>19 Momme Sandwashed slip en soie Emeraude. Finition en dentelle, toucher infroissable et tailles XL, XXL, 3XL, 4XL. Con\u00e7u pour un usage quotidien.<\/p>","protected":false},"featured_media":1070,"template":"","meta":{"_gspb_post_css":""},"product_brand":[],"product_cat":[39],"product_tag":[1045,1046,1019],"class_list":{"0":"post-1002","1":"product","2":"type-product","3":"status-publish","4":"has-post-thumbnail","6":"product_cat-silk-panties","7":"product_tag-19-momme-silk-panties-emerald","8":"product_tag-sandwashed-silk-panties-lace-trim","9":"product_tag-wholesale-silk-panties-for-daily-wear","11":"first","12":"instock","13":"shipping-taxable","14":"purchasable","15":"product-type-simple"},"_links":{"self":[{"href":"https:\/\/silk-pajamas.com\/fr\/wp-json\/wp\/v2\/product\/1002","targetHints":{"allow":["GET"]}}],"collection":[{"href":"https:\/\/silk-pajamas.com\/fr\/wp-json\/wp\/v2\/product"}],"about":[{"href":"https:\/\/silk-pajamas.com\/fr\/wp-json\/wp\/v2\/types\/product"}],"wp:featuredmedia":[{"embeddable":true,"href":"https:\/\/silk-pajamas.com\/fr\/wp-json\/wp\/v2\/media\/1070"}],"wp:attachment":[{"href":"https:\/\/silk-pajamas.com\/fr\/wp-json\/wp\/v2\/media?parent=1002"}],"wp:term":[{"taxonomy":"product_brand","embeddable":true,"href":"https:\/\/silk-pajamas.com\/fr\/wp-json\/wp\/v2\/product_brand?post=1002"},{"taxonomy":"product_cat","embeddable":true,"href":"https:\/\/silk-pajamas.com\/fr\/wp-json\/wp\/v2\/product_cat?post=1002"},{"taxonomy":"product_tag","embeddable":true,"href":"https:\/\/silk-pajamas.com\/fr\/wp-json\/wp\/v2\/product_tag?post=1002"}],"curies":[{"name":"wp","href":"https:\/\/api.w.org\/{rel}","templated":true}]}}