{"id":1003,"date":"2026-04-12T15:43:50","date_gmt":"2026-04-12T15:43:50","guid":{"rendered":"https:\/\/silk-pajamas.com\/19-momme-stretch-silk-mulberry-silk-panties-french-cut-pearl\/"},"modified":"2026-04-16T07:06:33","modified_gmt":"2026-04-16T07:06:33","slug":"19-momme-stretch-silk-mulberry-silk-panties-french-cut-pearl","status":"publish","type":"product","link":"https:\/\/silk-pajamas.com\/fr\/19-momme-stretch-silk-mulberry-silk-panties-french-cut-pearl\/","title":{"rendered":"19 Momme Culotte en soie Stretch Mulberry Silk French Cut Pearl"},"content":{"rendered":"<p>Fabriqu\u00e9e en soie extensible 19 mm, cette culotte en soie offre une sensation de l\u00e9g\u00e8ret\u00e9 et de douceur sur la peau ainsi qu'un mouvement \u00e9l\u00e9gant. La coupe \u00e0 la fran\u00e7aise et la couleur perle permettent aux femmes d'avoir un look raffin\u00e9. Disponible en XL, XXL, 3XL, 4XL. Laver \u00e0 la main \u00e0 froid ou utiliser un cycle d\u00e9licat.<\/p>","protected":false},"excerpt":{"rendered":"<p>19 Momme Stretch Silk slip en soie de soie en Pearl. Finition French Cut, l\u00e9g\u00e8ret\u00e9 et tailles XL, XXL, 3XL, 4XL. Con\u00e7u pour la femme.<\/p>","protected":false},"featured_media":1074,"template":"","meta":{"_gspb_post_css":""},"product_brand":[],"product_cat":[39],"product_tag":[1047,1048,1036],"class_list":{"0":"post-1003","1":"product","2":"type-product","3":"status-publish","4":"has-post-thumbnail","6":"product_cat-silk-panties","7":"product_tag-19-momme-silk-panties-pearl","8":"product_tag-factory-silk-panties-for-women","9":"product_tag-stretch-silk-silk-panties-french-cut","11":"first","12":"instock","13":"shipping-taxable","14":"purchasable","15":"product-type-simple"},"_links":{"self":[{"href":"https:\/\/silk-pajamas.com\/fr\/wp-json\/wp\/v2\/product\/1003","targetHints":{"allow":["GET"]}}],"collection":[{"href":"https:\/\/silk-pajamas.com\/fr\/wp-json\/wp\/v2\/product"}],"about":[{"href":"https:\/\/silk-pajamas.com\/fr\/wp-json\/wp\/v2\/types\/product"}],"wp:featuredmedia":[{"embeddable":true,"href":"https:\/\/silk-pajamas.com\/fr\/wp-json\/wp\/v2\/media\/1074"}],"wp:attachment":[{"href":"https:\/\/silk-pajamas.com\/fr\/wp-json\/wp\/v2\/media?parent=1003"}],"wp:term":[{"taxonomy":"product_brand","embeddable":true,"href":"https:\/\/silk-pajamas.com\/fr\/wp-json\/wp\/v2\/product_brand?post=1003"},{"taxonomy":"product_cat","embeddable":true,"href":"https:\/\/silk-pajamas.com\/fr\/wp-json\/wp\/v2\/product_cat?post=1003"},{"taxonomy":"product_tag","embeddable":true,"href":"https:\/\/silk-pajamas.com\/fr\/wp-json\/wp\/v2\/product_tag?post=1003"}],"curies":[{"name":"wp","href":"https:\/\/api.w.org\/{rel}","templated":true}]}}