{"id":1004,"date":"2026-04-12T15:43:50","date_gmt":"2026-04-12T15:43:50","guid":{"rendered":"https:\/\/silk-pajamas.com\/22-momme-mulberry-silk-panties-seamless-blush-manufacturer\/"},"modified":"2026-04-16T07:08:32","modified_gmt":"2026-04-16T07:08:32","slug":"22-momme-mulberry-silk-panties-seamless-blush-manufacturer","status":"publish","type":"product","link":"https:\/\/silk-pajamas.com\/fr\/22-momme-mulberry-silk-panties-seamless-blush-manufacturer\/","title":{"rendered":"22 Momme Mulberry Culotte en soie sans couture Blush Fabricant"},"content":{"rendered":"<p>Fabriqu\u00e9e avec 22 momme de soie de m\u00fbrier, cette culotte en soie offre un drap\u00e9 lisse, un toucher doux et des mouvements \u00e9l\u00e9gants. La construction sans couture et la couleur blush pr\u00e9servent l'\u00e9l\u00e9gance pour les peaux sensibles. Disponible en M, L, XL, XXL. Laver \u00e0 la main \u00e0 froid ou utiliser un cycle d\u00e9licat.<\/p>","protected":false},"excerpt":{"rendered":"<p>22 Momme Mulberry soie slip en Blush. Finition sans couture, sensation de drap\u00e9 lisse et gamme de tailles M, L, XL, XXL. Con\u00e7u pour les peaux sensibles.<\/p>","protected":false},"featured_media":1079,"template":"","meta":{"_gspb_post_css":""},"product_brand":[],"product_cat":[39],"product_tag":[1049,1050,1022],"class_list":{"0":"post-1004","1":"product","2":"type-product","3":"status-publish","4":"has-post-thumbnail","6":"product_cat-silk-panties","7":"product_tag-22-momme-silk-panties-blush","8":"product_tag-mulberry-silk-panties-seamless","9":"product_tag-wholesale-silk-panties-for-sensitive-skin","11":"first","12":"instock","13":"shipping-taxable","14":"purchasable","15":"product-type-simple"},"_links":{"self":[{"href":"https:\/\/silk-pajamas.com\/fr\/wp-json\/wp\/v2\/product\/1004","targetHints":{"allow":["GET"]}}],"collection":[{"href":"https:\/\/silk-pajamas.com\/fr\/wp-json\/wp\/v2\/product"}],"about":[{"href":"https:\/\/silk-pajamas.com\/fr\/wp-json\/wp\/v2\/types\/product"}],"wp:featuredmedia":[{"embeddable":true,"href":"https:\/\/silk-pajamas.com\/fr\/wp-json\/wp\/v2\/media\/1079"}],"wp:attachment":[{"href":"https:\/\/silk-pajamas.com\/fr\/wp-json\/wp\/v2\/media?parent=1004"}],"wp:term":[{"taxonomy":"product_brand","embeddable":true,"href":"https:\/\/silk-pajamas.com\/fr\/wp-json\/wp\/v2\/product_brand?post=1004"},{"taxonomy":"product_cat","embeddable":true,"href":"https:\/\/silk-pajamas.com\/fr\/wp-json\/wp\/v2\/product_cat?post=1004"},{"taxonomy":"product_tag","embeddable":true,"href":"https:\/\/silk-pajamas.com\/fr\/wp-json\/wp\/v2\/product_tag?post=1004"}],"curies":[{"name":"wp","href":"https:\/\/api.w.org\/{rel}","templated":true}]}}