{"id":1007,"date":"2026-04-12T15:43:50","date_gmt":"2026-04-12T15:43:50","guid":{"rendered":"https:\/\/silk-pajamas.com\/22-momme-stretch-silk-mulberry-silk-panties-plus-size-silver\/"},"modified":"2026-04-16T07:13:45","modified_gmt":"2026-04-16T07:13:45","slug":"22-momme-stretch-silk-mulberry-silk-panties-plus-size-silver","status":"publish","type":"product","link":"https:\/\/silk-pajamas.com\/fr\/22-momme-stretch-silk-mulberry-silk-panties-plus-size-silver\/","title":{"rendered":"22 Momme Culotte Taille Plus en Soie Stretch Mulberry Silk Silver"},"content":{"rendered":"<p>Cette culotte en soie est fabriqu\u00e9e \u00e0 partir de 22 momme de soie extensible dans un ton argent\u00e9. Il pr\u00e9sente une coupe fran\u00e7aise, une main douce et un drap\u00e9 confortable pour les garde-robes de mari\u00e9es. Ce mod\u00e8le convient aux tailles XL, XXL, 3XL et 4XL et convient parfaitement aux tenues d'automne, aux cadeaux et au confort quotidien. Laver \u00e0 la main \u00e0 froid ou utiliser un cycle d\u00e9licat.<\/p>","protected":false},"excerpt":{"rendered":"<p>22 Momme Stretch Silk slip en soie argent\u00e9e. Finition French Cut, sensation de l\u00e9g\u00e8ret\u00e9 et gamme de tailles XL, XXL, 3XL, 4XL. Con\u00e7u pour la garde-robe des mari\u00e9es.<\/p>","protected":false},"featured_media":1091,"template":"","meta":{"_gspb_post_css":""},"product_brand":[],"product_cat":[39],"product_tag":[1039,1036,1055],"class_list":{"0":"post-1007","1":"product","2":"type-product","3":"status-publish","4":"has-post-thumbnail","6":"product_cat-silk-panties","7":"product_tag-22-momme-silk-panties-silver","8":"product_tag-stretch-silk-silk-panties-french-cut","9":"product_tag-supplier-silk-panties-for-bridal-wardrobes","11":"first","12":"instock","13":"shipping-taxable","14":"purchasable","15":"product-type-simple"},"_links":{"self":[{"href":"https:\/\/silk-pajamas.com\/fr\/wp-json\/wp\/v2\/product\/1007","targetHints":{"allow":["GET"]}}],"collection":[{"href":"https:\/\/silk-pajamas.com\/fr\/wp-json\/wp\/v2\/product"}],"about":[{"href":"https:\/\/silk-pajamas.com\/fr\/wp-json\/wp\/v2\/types\/product"}],"wp:featuredmedia":[{"embeddable":true,"href":"https:\/\/silk-pajamas.com\/fr\/wp-json\/wp\/v2\/media\/1091"}],"wp:attachment":[{"href":"https:\/\/silk-pajamas.com\/fr\/wp-json\/wp\/v2\/media?parent=1007"}],"wp:term":[{"taxonomy":"product_brand","embeddable":true,"href":"https:\/\/silk-pajamas.com\/fr\/wp-json\/wp\/v2\/product_brand?post=1007"},{"taxonomy":"product_cat","embeddable":true,"href":"https:\/\/silk-pajamas.com\/fr\/wp-json\/wp\/v2\/product_cat?post=1007"},{"taxonomy":"product_tag","embeddable":true,"href":"https:\/\/silk-pajamas.com\/fr\/wp-json\/wp\/v2\/product_tag?post=1007"}],"curies":[{"name":"wp","href":"https:\/\/api.w.org\/{rel}","templated":true}]}}