{"id":1008,"date":"2026-04-12T15:43:51","date_gmt":"2026-04-12T15:43:51","guid":{"rendered":"https:\/\/silk-pajamas.com\/19-momme-charmeuse-silk-panties-seamless-ivory\/"},"modified":"2026-04-16T06:38:14","modified_gmt":"2026-04-16T06:38:14","slug":"19-momme-charmeuse-silk-panties-seamless-ivory","status":"publish","type":"product","link":"https:\/\/silk-pajamas.com\/fr\/19-momme-charmeuse-silk-panties-seamless-ivory\/","title":{"rendered":"19 Momme Culotte en soie charmeuse sans couture Ivoire"},"content":{"rendered":"<p>Fabriqu\u00e9e avec 19 momme de soie charmeuse, cette culotte en soie offre une sensation de l\u00e9g\u00e8ret\u00e9 et de douceur sur la peau ainsi qu'un mouvement \u00e9l\u00e9gant. Sa construction sans couture et sa couleur ivoire lui conf\u00e8rent un look raffin\u00e9 pour la garde-robe de la mari\u00e9e. Disponible en S, M, L, XL. Laver \u00e0 la main \u00e0 froid ou utiliser un cycle d\u00e9licat.<\/p>","protected":false},"excerpt":{"rendered":"<p>19 Culotte en soie Momme Charmeuse en ivoire. Finition sans couture, sensation de l\u00e9g\u00e8ret\u00e9 et gamme de tailles S, M, L, XL. Con\u00e7ue pour la garde-robe des mari\u00e9es.<\/p>","protected":false},"featured_media":1018,"template":"","meta":{"_gspb_post_css":""},"product_brand":[],"product_cat":[39],"product_tag":[1056,1057,1055],"class_list":{"0":"post-1008","1":"product","2":"type-product","3":"status-publish","4":"has-post-thumbnail","6":"product_cat-silk-panties","7":"product_tag-19-momme-silk-panties-ivory","8":"product_tag-charmeuse-silk-panties-seamless","9":"product_tag-supplier-silk-panties-for-bridal-wardrobes","11":"first","12":"instock","13":"shipping-taxable","14":"purchasable","15":"product-type-simple"},"_links":{"self":[{"href":"https:\/\/silk-pajamas.com\/fr\/wp-json\/wp\/v2\/product\/1008","targetHints":{"allow":["GET"]}}],"collection":[{"href":"https:\/\/silk-pajamas.com\/fr\/wp-json\/wp\/v2\/product"}],"about":[{"href":"https:\/\/silk-pajamas.com\/fr\/wp-json\/wp\/v2\/types\/product"}],"wp:featuredmedia":[{"embeddable":true,"href":"https:\/\/silk-pajamas.com\/fr\/wp-json\/wp\/v2\/media\/1018"}],"wp:attachment":[{"href":"https:\/\/silk-pajamas.com\/fr\/wp-json\/wp\/v2\/media?parent=1008"}],"wp:term":[{"taxonomy":"product_brand","embeddable":true,"href":"https:\/\/silk-pajamas.com\/fr\/wp-json\/wp\/v2\/product_brand?post=1008"},{"taxonomy":"product_cat","embeddable":true,"href":"https:\/\/silk-pajamas.com\/fr\/wp-json\/wp\/v2\/product_cat?post=1008"},{"taxonomy":"product_tag","embeddable":true,"href":"https:\/\/silk-pajamas.com\/fr\/wp-json\/wp\/v2\/product_tag?post=1008"}],"curies":[{"name":"wp","href":"https:\/\/api.w.org\/{rel}","templated":true}]}}