{"id":1012,"date":"2026-04-12T15:43:51","date_gmt":"2026-04-12T15:43:51","guid":{"rendered":"https:\/\/silk-pajamas.com\/22-momme-stretch-silk-mulberry-silk-panties-high-rise-lilac-2\/"},"modified":"2026-04-16T06:45:36","modified_gmt":"2026-04-16T06:45:36","slug":"22-momme-stretch-silk-mulberry-silk-panties-high-rise-lilac-2","status":"publish","type":"product","link":"https:\/\/silk-pajamas.com\/fr\/22-momme-stretch-silk-mulberry-silk-panties-high-rise-lilac-2\/","title":{"rendered":"22 Momme Culotte en soie extensible Mulberry Silk High Rise Lilas"},"content":{"rendered":"<p>Cette culotte en soie est fabriqu\u00e9e \u00e0 partir de 22 momme de soie extensible dans un ton lilas. Il pr\u00e9sente une taille haute, un toucher doux et un drap\u00e9 confortable pour un usage quotidien. Ce mod\u00e8le convient aux tailles S, M, L et XL et convient parfaitement aux tenues d'\u00e9t\u00e9, aux cadeaux et au confort quotidien. Laver \u00e0 la main \u00e0 froid ou utiliser un cycle d\u00e9licat.<\/p>","protected":false},"excerpt":{"rendered":"<p>22 Momme Slip en soie stretch en Lilas. Finition haute, toucher infroissable et tailles S, M, L, XL. Con\u00e7ue pour un usage quotidien.<\/p>","protected":false},"featured_media":1038,"template":"","meta":{"_gspb_post_css":""},"product_brand":[],"product_cat":[39],"product_tag":[1038,1027,1028],"class_list":{"0":"post-1012","1":"product","2":"type-product","3":"status-publish","4":"has-post-thumbnail","6":"product_cat-silk-panties","7":"product_tag-22-momme-silk-panties-lilac","8":"product_tag-stretch-silk-silk-panties-high-rise","9":"product_tag-supplier-silk-panties-for-daily-wear","11":"first","12":"instock","13":"shipping-taxable","14":"purchasable","15":"product-type-simple"},"_links":{"self":[{"href":"https:\/\/silk-pajamas.com\/fr\/wp-json\/wp\/v2\/product\/1012","targetHints":{"allow":["GET"]}}],"collection":[{"href":"https:\/\/silk-pajamas.com\/fr\/wp-json\/wp\/v2\/product"}],"about":[{"href":"https:\/\/silk-pajamas.com\/fr\/wp-json\/wp\/v2\/types\/product"}],"wp:featuredmedia":[{"embeddable":true,"href":"https:\/\/silk-pajamas.com\/fr\/wp-json\/wp\/v2\/media\/1038"}],"wp:attachment":[{"href":"https:\/\/silk-pajamas.com\/fr\/wp-json\/wp\/v2\/media?parent=1012"}],"wp:term":[{"taxonomy":"product_brand","embeddable":true,"href":"https:\/\/silk-pajamas.com\/fr\/wp-json\/wp\/v2\/product_brand?post=1012"},{"taxonomy":"product_cat","embeddable":true,"href":"https:\/\/silk-pajamas.com\/fr\/wp-json\/wp\/v2\/product_cat?post=1012"},{"taxonomy":"product_tag","embeddable":true,"href":"https:\/\/silk-pajamas.com\/fr\/wp-json\/wp\/v2\/product_tag?post=1012"}],"curies":[{"name":"wp","href":"https:\/\/api.w.org\/{rel}","templated":true}]}}