{"id":532,"date":"2026-04-12T15:43:00","date_gmt":"2026-04-12T15:43:00","guid":{"rendered":"https:\/\/silk-pajamas.com\/19-momme-crepe-silk-camisole-set-french-seam-ivory-wholesale\/"},"modified":"2026-05-09T10:25:39","modified_gmt":"2026-05-09T10:25:39","slug":"19-momme-crepe-silk-camisole-set-french-seam-ivory-wholesale","status":"publish","type":"product","link":"https:\/\/silk-pajamas.com\/fr\/19-momme-crepe-silk-camisole-set-french-seam-ivory-wholesale\/","title":{"rendered":"19 Momme Ensemble camisole en cr\u00eape de soie couture fran\u00e7aise Ivoire Wholesale"},"content":{"rendered":"<p>Fabriqu\u00e9 en cr\u00eape de soie 19 momme, cet ensemble de nuit deux pi\u00e8ces est respirant, doux au toucher et offre des mouvements \u00e9l\u00e9gants. La construction \u00e0 coutures fran\u00e7aises et la couleur ivoire lui conf\u00e8rent un look raffin\u00e9 pour les garde-robes de mari\u00e9es. Disponible en sur mesure. Laver \u00e0 la main \u00e0 froid ou utiliser un cycle d\u00e9licat.<\/p>","protected":false},"excerpt":{"rendered":"<p>19 Ensemble de nuit deux pi\u00e8ces en cr\u00eape de soie Momme, ivoire. Finition couture fran\u00e7aise, sensation de respirabilit\u00e9 et gamme de tailles sur mesure. Con\u00e7ue pour les garde-robes de mari\u00e9es.<\/p>","protected":false},"featured_media":2545,"template":"","meta":{"_gspb_post_css":""},"product_brand":[],"product_cat":[22],"product_tag":[42,43,44],"class_list":{"0":"post-532","1":"product","2":"type-product","3":"status-publish","4":"has-post-thumbnail","6":"product_cat-silk-camisole-sets","7":"product_tag-19-momme-silk-camisole-set-ivory","8":"product_tag-crepe-silk-camisole-set-french-seam","9":"product_tag-factory-silk-camisole-set-for-bridal-wardrobes","11":"first","12":"instock","13":"featured","14":"shipping-taxable","15":"purchasable","16":"product-type-simple"},"_links":{"self":[{"href":"https:\/\/silk-pajamas.com\/fr\/wp-json\/wp\/v2\/product\/532","targetHints":{"allow":["GET"]}}],"collection":[{"href":"https:\/\/silk-pajamas.com\/fr\/wp-json\/wp\/v2\/product"}],"about":[{"href":"https:\/\/silk-pajamas.com\/fr\/wp-json\/wp\/v2\/types\/product"}],"wp:featuredmedia":[{"embeddable":true,"href":"https:\/\/silk-pajamas.com\/fr\/wp-json\/wp\/v2\/media\/2545"}],"wp:attachment":[{"href":"https:\/\/silk-pajamas.com\/fr\/wp-json\/wp\/v2\/media?parent=532"}],"wp:term":[{"taxonomy":"product_brand","embeddable":true,"href":"https:\/\/silk-pajamas.com\/fr\/wp-json\/wp\/v2\/product_brand?post=532"},{"taxonomy":"product_cat","embeddable":true,"href":"https:\/\/silk-pajamas.com\/fr\/wp-json\/wp\/v2\/product_cat?post=532"},{"taxonomy":"product_tag","embeddable":true,"href":"https:\/\/silk-pajamas.com\/fr\/wp-json\/wp\/v2\/product_tag?post=532"}],"curies":[{"name":"wp","href":"https:\/\/api.w.org\/{rel}","templated":true}]}}