{"id":534,"date":"2026-04-12T15:43:00","date_gmt":"2026-04-12T15:43:00","guid":{"rendered":"https:\/\/silk-pajamas.com\/16-momme-charmeuse-silk-camisole-set-french-seam-leopard\/"},"modified":"2026-05-09T10:28:35","modified_gmt":"2026-05-09T10:28:35","slug":"16-momme-charmeuse-silk-camisole-set-french-seam-leopard","status":"publish","type":"product","link":"https:\/\/silk-pajamas.com\/fr\/16-momme-charmeuse-silk-camisole-set-french-seam-leopard\/","title":{"rendered":"16 Momme Charmeuse soie Camisole couture fran\u00e7aise L\u00e9opard"},"content":{"rendered":"<p>Confectionn\u00e9 en soie charmeuse 16 momme, cet ensemble de nuit deux pi\u00e8ces associe les coutures fran\u00e7aises \u00e0 une brillance douce et \u00e0 un toucher respirant. La finition l\u00e9opard lui conf\u00e8re un look raffin\u00e9, tandis que les tailles XS, S, M, L, XL permettent de r\u00e9pondre aux besoins essentiels. Convient aux tenues de d\u00e9tente de tous les jours et aux garde-robes d'automne. Laver \u00e0 la main \u00e0 froid ou utiliser un cycle d\u00e9licat.<\/p>","protected":false},"excerpt":{"rendered":"<p>16 Ensemble de nuit deux pi\u00e8ces en soie Momme Charmeuse, coloris l\u00e9opard. Finition couture fran\u00e7aise, toucher infroissable et gamme de tailles XS, S, M, L, XL. Con\u00e7u pour un usage quotidien.<\/p>","protected":false},"featured_media":2420,"template":"","meta":{"_gspb_post_css":""},"product_brand":[],"product_cat":[22],"product_tag":[48,49,50],"class_list":{"0":"post-534","1":"product","2":"type-product","3":"status-publish","4":"has-post-thumbnail","6":"product_cat-silk-camisole-sets","7":"product_tag-16-momme-silk-camisole-set-leopard","8":"product_tag-charmeuse-silk-camisole-set-french-seam","9":"product_tag-factory-silk-camisole-set-for-everyday-lounge-wear","11":"first","12":"instock","13":"shipping-taxable","14":"purchasable","15":"product-type-simple"},"_links":{"self":[{"href":"https:\/\/silk-pajamas.com\/fr\/wp-json\/wp\/v2\/product\/534","targetHints":{"allow":["GET"]}}],"collection":[{"href":"https:\/\/silk-pajamas.com\/fr\/wp-json\/wp\/v2\/product"}],"about":[{"href":"https:\/\/silk-pajamas.com\/fr\/wp-json\/wp\/v2\/types\/product"}],"wp:featuredmedia":[{"embeddable":true,"href":"https:\/\/silk-pajamas.com\/fr\/wp-json\/wp\/v2\/media\/2420"}],"wp:attachment":[{"href":"https:\/\/silk-pajamas.com\/fr\/wp-json\/wp\/v2\/media?parent=534"}],"wp:term":[{"taxonomy":"product_brand","embeddable":true,"href":"https:\/\/silk-pajamas.com\/fr\/wp-json\/wp\/v2\/product_brand?post=534"},{"taxonomy":"product_cat","embeddable":true,"href":"https:\/\/silk-pajamas.com\/fr\/wp-json\/wp\/v2\/product_cat?post=534"},{"taxonomy":"product_tag","embeddable":true,"href":"https:\/\/silk-pajamas.com\/fr\/wp-json\/wp\/v2\/product_tag?post=534"}],"curies":[{"name":"wp","href":"https:\/\/api.w.org\/{rel}","templated":true}]}}