{"id":536,"date":"2026-04-12T15:43:00","date_gmt":"2026-04-12T15:43:00","guid":{"rendered":"https:\/\/silk-pajamas.com\/22-momme-charmeuse-silk-camisole-set-lace-trim-navy-vendor\/"},"modified":"2026-05-09T10:56:34","modified_gmt":"2026-05-09T10:56:34","slug":"22-momme-charmeuse-silk-camisole-set-lace-trim-navy-vendor","status":"publish","type":"product","link":"https:\/\/silk-pajamas.com\/fr\/22-momme-charmeuse-silk-camisole-set-lace-trim-navy-vendor\/","title":{"rendered":"22 Momme Charmeuse Silk Camisole Set Lace Trim Navy Vendor"},"content":{"rendered":"<p>Cet ensemble de nuit deux pi\u00e8ces est r\u00e9alis\u00e9 en 22 momme charmeuse de soie dans un ton marine. Il pr\u00e9sente des bordures en dentelle, un toucher doux et un drap\u00e9 confortable pour un habillage de vill\u00e9giature. Ce mod\u00e8le est compatible avec les tailles Custom et convient parfaitement aux tenues d'automne, aux cadeaux et au confort quotidien. Laver \u00e0 la main \u00e0 froid ou au cycle d\u00e9licat.<\/p>","protected":false},"excerpt":{"rendered":"<p>22 Ensemble de nuit deux pi\u00e8ces en soie Momme Charmeuse, coloris marine. Finition en dentelle, drap\u00e9 doux et taille sur mesure. Con\u00e7u pour les s\u00e9jours de vacances.<\/p>","protected":false},"featured_media":2564,"template":"","meta":{"_gspb_post_css":""},"product_brand":[],"product_cat":[22],"product_tag":[54,55,56],"class_list":{"0":"post-536","1":"product","2":"type-product","3":"status-publish","4":"has-post-thumbnail","6":"product_cat-silk-camisole-sets","7":"product_tag-22-momme-silk-camisole-set-navy","8":"product_tag-charmeuse-silk-camisole-set-lace-trim","9":"product_tag-supplier-silk-camisole-set-for-resort-dressing","11":"first","12":"instock","13":"shipping-taxable","14":"purchasable","15":"product-type-simple"},"_links":{"self":[{"href":"https:\/\/silk-pajamas.com\/fr\/wp-json\/wp\/v2\/product\/536","targetHints":{"allow":["GET"]}}],"collection":[{"href":"https:\/\/silk-pajamas.com\/fr\/wp-json\/wp\/v2\/product"}],"about":[{"href":"https:\/\/silk-pajamas.com\/fr\/wp-json\/wp\/v2\/types\/product"}],"wp:featuredmedia":[{"embeddable":true,"href":"https:\/\/silk-pajamas.com\/fr\/wp-json\/wp\/v2\/media\/2564"}],"wp:attachment":[{"href":"https:\/\/silk-pajamas.com\/fr\/wp-json\/wp\/v2\/media?parent=536"}],"wp:term":[{"taxonomy":"product_brand","embeddable":true,"href":"https:\/\/silk-pajamas.com\/fr\/wp-json\/wp\/v2\/product_brand?post=536"},{"taxonomy":"product_cat","embeddable":true,"href":"https:\/\/silk-pajamas.com\/fr\/wp-json\/wp\/v2\/product_cat?post=536"},{"taxonomy":"product_tag","embeddable":true,"href":"https:\/\/silk-pajamas.com\/fr\/wp-json\/wp\/v2\/product_tag?post=536"}],"curies":[{"name":"wp","href":"https:\/\/api.w.org\/{rel}","templated":true}]}}