{"id":537,"date":"2026-04-12T15:43:00","date_gmt":"2026-04-12T15:43:00","guid":{"rendered":"https:\/\/silk-pajamas.com\/22-momme-silk-cami-shorts-set-french-seam-champagne-reach\/"},"modified":"2026-05-09T10:56:59","modified_gmt":"2026-05-09T10:56:59","slug":"22-momme-silk-cami-shorts-set-french-seam-champagne-reach","status":"publish","type":"product","link":"https:\/\/silk-pajamas.com\/fr\/22-momme-silk-cami-shorts-set-french-seam-champagne-reach\/","title":{"rendered":"22 Momme Silk Cami Shorts Set French Seam Champagne REACH"},"content":{"rendered":"<p>Cette parure de nuit deux pi\u00e8ces est r\u00e9alis\u00e9e en soie 22 momme sabl\u00e9e, dans un ton champagne. Il pr\u00e9sente des coutures fran\u00e7aises, un toucher doux et un drap\u00e9 confortable pour une tenue de d\u00e9tente quotidienne. Ce mod\u00e8le est compatible avec les tailles Custom et convient parfaitement pour les v\u00eatements de toutes saisons, les cadeaux et le confort quotidien. Laver \u00e0 la main \u00e0 froid ou utiliser un cycle d\u00e9licat.<\/p>","protected":false},"excerpt":{"rendered":"<p>22 Momme Ensemble de nuit deux pi\u00e8ces en soie Sandwashed en Champagne. Finition couture fran\u00e7aise, thermor\u00e9gulation et taille sur mesure. Con\u00e7u pour un usage quotidien.<\/p>","protected":false},"featured_media":2563,"template":"","meta":{"_gspb_post_css":""},"product_brand":[],"product_cat":[22],"product_tag":[57,50,58],"class_list":{"0":"post-537","1":"product","2":"type-product","3":"status-publish","4":"has-post-thumbnail","6":"product_cat-silk-camisole-sets","7":"product_tag-22-momme-silk-camisole-set-champagne","8":"product_tag-factory-silk-camisole-set-for-everyday-lounge-wear","9":"product_tag-sandwashed-silk-camisole-set-french-seam","11":"first","12":"instock","13":"featured","14":"shipping-taxable","15":"purchasable","16":"product-type-simple"},"_links":{"self":[{"href":"https:\/\/silk-pajamas.com\/fr\/wp-json\/wp\/v2\/product\/537","targetHints":{"allow":["GET"]}}],"collection":[{"href":"https:\/\/silk-pajamas.com\/fr\/wp-json\/wp\/v2\/product"}],"about":[{"href":"https:\/\/silk-pajamas.com\/fr\/wp-json\/wp\/v2\/types\/product"}],"wp:featuredmedia":[{"embeddable":true,"href":"https:\/\/silk-pajamas.com\/fr\/wp-json\/wp\/v2\/media\/2563"}],"wp:attachment":[{"href":"https:\/\/silk-pajamas.com\/fr\/wp-json\/wp\/v2\/media?parent=537"}],"wp:term":[{"taxonomy":"product_brand","embeddable":true,"href":"https:\/\/silk-pajamas.com\/fr\/wp-json\/wp\/v2\/product_brand?post=537"},{"taxonomy":"product_cat","embeddable":true,"href":"https:\/\/silk-pajamas.com\/fr\/wp-json\/wp\/v2\/product_cat?post=537"},{"taxonomy":"product_tag","embeddable":true,"href":"https:\/\/silk-pajamas.com\/fr\/wp-json\/wp\/v2\/product_tag?post=537"}],"curies":[{"name":"wp","href":"https:\/\/api.w.org\/{rel}","templated":true}]}}