{"id":538,"date":"2026-04-12T15:43:01","date_gmt":"2026-04-12T15:43:01","guid":{"rendered":"https:\/\/silk-pajamas.com\/22-momme-sandwashed-silk-camisole-set-bias-cut-rose-supplier\/"},"modified":"2026-05-09T10:03:22","modified_gmt":"2026-05-09T10:03:22","slug":"22-momme-sandwashed-silk-camisole-set-bias-cut-rose-supplier","status":"publish","type":"product","link":"https:\/\/silk-pajamas.com\/fr\/22-momme-sandwashed-silk-camisole-set-bias-cut-rose-supplier\/","title":{"rendered":"22 Momme Ensemble camisole en soie lav\u00e9e Bias Coupe Rose Fournisseur"},"content":{"rendered":"<p>Confectionn\u00e9 en soie chin\u00e9e 22 momme, cet ensemble de nuit deux pi\u00e8ces associe une coupe en biais \u00e0 une brillance douce et \u00e0 un toucher respirant. La finition rose lui conf\u00e8re un aspect raffin\u00e9, tandis que les tailles personnalis\u00e9es permettent de couvrir les besoins essentiels. Convient aux garde-robes de mari\u00e9e et aux garde-robes de printemps. Laver \u00e0 la main \u00e0 froid ou utiliser un cycle d\u00e9licat.<\/p>","protected":false},"excerpt":{"rendered":"<p>22 Momme Ensemble de nuit deux pi\u00e8ces en soie Sandwashed en Rose. Finition Bias Cut, sensation de thermor\u00e9gulation et taille sur mesure. Con\u00e7ue pour les garde-robes de mari\u00e9es.<\/p>","protected":false},"featured_media":2458,"template":"","meta":{"_gspb_post_css":""},"product_brand":[],"product_cat":[22],"product_tag":[59,60,61],"class_list":{"0":"post-538","1":"product","2":"type-product","3":"status-publish","4":"has-post-thumbnail","6":"product_cat-silk-camisole-sets","7":"product_tag-22-momme-silk-camisole-set-rose","8":"product_tag-sandwashed-silk-camisole-set-bias-cut","9":"product_tag-vendor-silk-camisole-set-for-bridal-wardrobes","11":"first","12":"instock","13":"shipping-taxable","14":"purchasable","15":"product-type-simple"},"_links":{"self":[{"href":"https:\/\/silk-pajamas.com\/fr\/wp-json\/wp\/v2\/product\/538","targetHints":{"allow":["GET"]}}],"collection":[{"href":"https:\/\/silk-pajamas.com\/fr\/wp-json\/wp\/v2\/product"}],"about":[{"href":"https:\/\/silk-pajamas.com\/fr\/wp-json\/wp\/v2\/types\/product"}],"wp:featuredmedia":[{"embeddable":true,"href":"https:\/\/silk-pajamas.com\/fr\/wp-json\/wp\/v2\/media\/2458"}],"wp:attachment":[{"href":"https:\/\/silk-pajamas.com\/fr\/wp-json\/wp\/v2\/media?parent=538"}],"wp:term":[{"taxonomy":"product_brand","embeddable":true,"href":"https:\/\/silk-pajamas.com\/fr\/wp-json\/wp\/v2\/product_brand?post=538"},{"taxonomy":"product_cat","embeddable":true,"href":"https:\/\/silk-pajamas.com\/fr\/wp-json\/wp\/v2\/product_cat?post=538"},{"taxonomy":"product_tag","embeddable":true,"href":"https:\/\/silk-pajamas.com\/fr\/wp-json\/wp\/v2\/product_tag?post=538"}],"curies":[{"name":"wp","href":"https:\/\/api.w.org\/{rel}","templated":true}]}}