{"id":540,"date":"2026-04-12T15:43:01","date_gmt":"2026-04-12T15:43:01","guid":{"rendered":"https:\/\/silk-pajamas.com\/19-momme-crepe-silk-cami-shorts-set-contrast-trim-sky-blue\/"},"modified":"2026-05-09T10:06:36","modified_gmt":"2026-05-09T10:06:36","slug":"19-momme-crepe-silk-cami-shorts-set-contrast-trim-sky-blue","status":"publish","type":"product","link":"https:\/\/silk-pajamas.com\/fr\/19-momme-crepe-silk-cami-shorts-set-contrast-trim-sky-blue\/","title":{"rendered":"19 Momme Crepe Silk Cami Shorts Set Contrast Trim Sky Blue"},"content":{"rendered":"<p>R\u00e9alis\u00e9 en cr\u00eape de soie 19 momme, cet ensemble de nuit deux pi\u00e8ces est l\u00e9ger, doux au toucher et \u00e9l\u00e9gant dans ses mouvements. Les bordures contrast\u00e9es et la couleur bleu ciel lui conf\u00e8rent un look raffin\u00e9 pour les s\u00e9jours en station baln\u00e9aire. Disponible en S, M, L, XL. Laver \u00e0 la main \u00e0 froid ou utiliser un cycle d\u00e9licat.<\/p>","protected":false},"excerpt":{"rendered":"<p>19 Ensemble de nuit deux pi\u00e8ces en cr\u00eape de soie Momme, bleu ciel. Finition en bordures contrast\u00e9es, sensation de l\u00e9g\u00e8ret\u00e9 et gamme de tailles S, M, L, XL. Con\u00e7u pour les s\u00e9jours de vacances.<\/p>","protected":false},"featured_media":2539,"template":"","meta":{"_gspb_post_css":""},"product_brand":[],"product_cat":[22],"product_tag":[65,52,66],"class_list":{"0":"post-540","1":"product","2":"type-product","3":"status-publish","4":"has-post-thumbnail","6":"product_cat-silk-camisole-sets","7":"product_tag-19-momme-silk-camisole-set-sky-blue","8":"product_tag-crepe-silk-camisole-set-contrast-trim","9":"product_tag-manufacturer-silk-camisole-set-for-resort-dressing","11":"first","12":"instock","13":"shipping-taxable","14":"purchasable","15":"product-type-simple"},"_links":{"self":[{"href":"https:\/\/silk-pajamas.com\/fr\/wp-json\/wp\/v2\/product\/540","targetHints":{"allow":["GET"]}}],"collection":[{"href":"https:\/\/silk-pajamas.com\/fr\/wp-json\/wp\/v2\/product"}],"about":[{"href":"https:\/\/silk-pajamas.com\/fr\/wp-json\/wp\/v2\/types\/product"}],"wp:featuredmedia":[{"embeddable":true,"href":"https:\/\/silk-pajamas.com\/fr\/wp-json\/wp\/v2\/media\/2539"}],"wp:attachment":[{"href":"https:\/\/silk-pajamas.com\/fr\/wp-json\/wp\/v2\/media?parent=540"}],"wp:term":[{"taxonomy":"product_brand","embeddable":true,"href":"https:\/\/silk-pajamas.com\/fr\/wp-json\/wp\/v2\/product_brand?post=540"},{"taxonomy":"product_cat","embeddable":true,"href":"https:\/\/silk-pajamas.com\/fr\/wp-json\/wp\/v2\/product_cat?post=540"},{"taxonomy":"product_tag","embeddable":true,"href":"https:\/\/silk-pajamas.com\/fr\/wp-json\/wp\/v2\/product_tag?post=540"}],"curies":[{"name":"wp","href":"https:\/\/api.w.org\/{rel}","templated":true}]}}