{"id":541,"date":"2026-04-12T15:43:01","date_gmt":"2026-04-12T15:43:01","guid":{"rendered":"https:\/\/silk-pajamas.com\/16-momme-mulberry-silk-camisole-set-adjustable-strap-rose\/"},"modified":"2026-05-09T10:07:55","modified_gmt":"2026-05-09T10:07:55","slug":"16-momme-mulberry-silk-camisole-set-adjustable-strap-rose","status":"publish","type":"product","link":"https:\/\/silk-pajamas.com\/fr\/16-momme-mulberry-silk-camisole-set-adjustable-strap-rose\/","title":{"rendered":"16 Momme Ensemble camisole en soie de m\u00fbrier Bretelles r\u00e9glables Rose"},"content":{"rendered":"<p>Fabriqu\u00e9 en soie de m\u00fbrier 16 momme, cet ensemble de nuit deux pi\u00e8ces est l\u00e9ger, doux au toucher et \u00e9l\u00e9gant dans ses mouvements. Les bretelles r\u00e9glables et la couleur rose permettent aux femmes de rester \u00e9l\u00e9gantes. Disponible en XS, S, M, L, XL. Laver \u00e0 la main \u00e0 froid ou utiliser un cycle d\u00e9licat.<\/p>","protected":false},"excerpt":{"rendered":"<p>16 Ensemble de nuit deux pi\u00e8ces en soie de m\u00fbrier de Momme, coloris rose. Bretelles r\u00e9glables, l\u00e9g\u00e8ret\u00e9 et tailles XS, S, M, L, XL. Con\u00e7u pour les femmes.<\/p>","protected":false},"featured_media":2540,"template":"","meta":{"_gspb_post_css":""},"product_brand":[],"product_cat":[22],"product_tag":[67,68,69],"class_list":{"0":"post-541","1":"product","2":"type-product","3":"status-publish","4":"has-post-thumbnail","6":"product_cat-silk-camisole-sets","7":"product_tag-16-momme-silk-camisole-set-rose","8":"product_tag-mulberry-silk-camisole-set-adjustable-strap","9":"product_tag-wholesale-silk-camisole-set-for-women","11":"first","12":"instock","13":"shipping-taxable","14":"purchasable","15":"product-type-simple"},"_links":{"self":[{"href":"https:\/\/silk-pajamas.com\/fr\/wp-json\/wp\/v2\/product\/541","targetHints":{"allow":["GET"]}}],"collection":[{"href":"https:\/\/silk-pajamas.com\/fr\/wp-json\/wp\/v2\/product"}],"about":[{"href":"https:\/\/silk-pajamas.com\/fr\/wp-json\/wp\/v2\/types\/product"}],"wp:featuredmedia":[{"embeddable":true,"href":"https:\/\/silk-pajamas.com\/fr\/wp-json\/wp\/v2\/media\/2540"}],"wp:attachment":[{"href":"https:\/\/silk-pajamas.com\/fr\/wp-json\/wp\/v2\/media?parent=541"}],"wp:term":[{"taxonomy":"product_brand","embeddable":true,"href":"https:\/\/silk-pajamas.com\/fr\/wp-json\/wp\/v2\/product_brand?post=541"},{"taxonomy":"product_cat","embeddable":true,"href":"https:\/\/silk-pajamas.com\/fr\/wp-json\/wp\/v2\/product_cat?post=541"},{"taxonomy":"product_tag","embeddable":true,"href":"https:\/\/silk-pajamas.com\/fr\/wp-json\/wp\/v2\/product_tag?post=541"}],"curies":[{"name":"wp","href":"https:\/\/api.w.org\/{rel}","templated":true}]}}