{"id":543,"date":"2026-04-12T15:43:01","date_gmt":"2026-04-12T15:43:01","guid":{"rendered":"https:\/\/silk-pajamas.com\/16-momme-mulberry-silk-camisole-set-contrast-trim-pearl\/"},"modified":"2026-05-09T10:09:50","modified_gmt":"2026-05-09T10:09:50","slug":"16-momme-mulberry-silk-camisole-set-contrast-trim-pearl","status":"publish","type":"product","link":"https:\/\/silk-pajamas.com\/fr\/16-momme-mulberry-silk-camisole-set-contrast-trim-pearl\/","title":{"rendered":"16 Momme Ensemble camisole en soie de m\u00fbrier Bordure contrast\u00e9e Perle"},"content":{"rendered":"<p>Fabriqu\u00e9 avec de la soie de m\u00fbrier de 16 mm, cet ensemble de nuit deux pi\u00e8ces offre un toucher doux, une sensation de douceur sur la peau et un mouvement \u00e9l\u00e9gant. Les bordures contrast\u00e9es et la couleur perle conf\u00e8rent \u00e0 l'ensemble un look raffin\u00e9 pour les s\u00e9jours en station baln\u00e9aire. Disponible en S, M, L, XL. Laver \u00e0 la main \u00e0 froid ou utiliser un cycle d\u00e9licat.<\/p>","protected":false},"excerpt":{"rendered":"<p>16 Ensemble de nuit deux pi\u00e8ces en soie de m\u00fbrier de Momme en perle. Finitions contrast\u00e9es, toucher doux et tailles S, M, L, XL. Con\u00e7u pour les s\u00e9jours de vacances.<\/p>","protected":false},"featured_media":2542,"template":"","meta":{"_gspb_post_css":""},"product_brand":[],"product_cat":[22],"product_tag":[72,66,73],"class_list":{"0":"post-543","1":"product","2":"type-product","3":"status-publish","4":"has-post-thumbnail","6":"product_cat-silk-camisole-sets","7":"product_tag-16-momme-silk-camisole-set-pearl","8":"product_tag-manufacturer-silk-camisole-set-for-resort-dressing","9":"product_tag-mulberry-silk-camisole-set-contrast-trim","11":"first","12":"instock","13":"shipping-taxable","14":"purchasable","15":"product-type-simple"},"_links":{"self":[{"href":"https:\/\/silk-pajamas.com\/fr\/wp-json\/wp\/v2\/product\/543","targetHints":{"allow":["GET"]}}],"collection":[{"href":"https:\/\/silk-pajamas.com\/fr\/wp-json\/wp\/v2\/product"}],"about":[{"href":"https:\/\/silk-pajamas.com\/fr\/wp-json\/wp\/v2\/types\/product"}],"wp:featuredmedia":[{"embeddable":true,"href":"https:\/\/silk-pajamas.com\/fr\/wp-json\/wp\/v2\/media\/2542"}],"wp:attachment":[{"href":"https:\/\/silk-pajamas.com\/fr\/wp-json\/wp\/v2\/media?parent=543"}],"wp:term":[{"taxonomy":"product_brand","embeddable":true,"href":"https:\/\/silk-pajamas.com\/fr\/wp-json\/wp\/v2\/product_brand?post=543"},{"taxonomy":"product_cat","embeddable":true,"href":"https:\/\/silk-pajamas.com\/fr\/wp-json\/wp\/v2\/product_cat?post=543"},{"taxonomy":"product_tag","embeddable":true,"href":"https:\/\/silk-pajamas.com\/fr\/wp-json\/wp\/v2\/product_tag?post=543"}],"curies":[{"name":"wp","href":"https:\/\/api.w.org\/{rel}","templated":true}]}}