{"id":544,"date":"2026-04-12T15:43:01","date_gmt":"2026-04-12T15:43:01","guid":{"rendered":"https:\/\/silk-pajamas.com\/25-momme-mulberry-silk-cami-shorts-set-bias-cut-ivory\/"},"modified":"2026-05-09T10:14:24","modified_gmt":"2026-05-09T10:14:24","slug":"25-momme-mulberry-silk-cami-shorts-set-bias-cut-ivory","status":"publish","type":"product","link":"https:\/\/silk-pajamas.com\/fr\/25-momme-mulberry-silk-cami-shorts-set-bias-cut-ivory\/","title":{"rendered":"25 Momme Mulberry Silk Cami Shorts Set Bias Cut Ivory"},"content":{"rendered":"<p>Cet ensemble de nuit deux pi\u00e8ces est r\u00e9alis\u00e9 en 25 momme de soie de m\u00fbrier dans un ton ivoire. Il pr\u00e9sente une coupe en biais, un toucher doux et un drap\u00e9 confortable pour un habillage de vill\u00e9giature. Ce mod\u00e8le est compatible avec les tailles personnalis\u00e9es et convient parfaitement aux v\u00eatements de toutes saisons, aux cadeaux et au confort quotidien. Laver \u00e0 la main \u00e0 froid ou utiliser un cycle d\u00e9licat.<\/p>","protected":false},"excerpt":{"rendered":"<p>25 Ensemble de nuit deux pi\u00e8ces en soie de m\u00fbrier de Momme, ivoire. Finition Bias Cut, toucher doux et taille sur mesure. Con\u00e7u pour les s\u00e9jours en station baln\u00e9aire.<\/p>","protected":false},"featured_media":2544,"template":"","meta":{"_gspb_post_css":""},"product_brand":[],"product_cat":[22],"product_tag":[74,75,56],"class_list":{"0":"post-544","1":"product","2":"type-product","3":"status-publish","4":"has-post-thumbnail","6":"product_cat-silk-camisole-sets","7":"product_tag-25-momme-silk-camisole-set-ivory","8":"product_tag-mulberry-silk-camisole-set-bias-cut","9":"product_tag-supplier-silk-camisole-set-for-resort-dressing","11":"first","12":"instock","13":"shipping-taxable","14":"purchasable","15":"product-type-simple"},"_links":{"self":[{"href":"https:\/\/silk-pajamas.com\/fr\/wp-json\/wp\/v2\/product\/544","targetHints":{"allow":["GET"]}}],"collection":[{"href":"https:\/\/silk-pajamas.com\/fr\/wp-json\/wp\/v2\/product"}],"about":[{"href":"https:\/\/silk-pajamas.com\/fr\/wp-json\/wp\/v2\/types\/product"}],"wp:featuredmedia":[{"embeddable":true,"href":"https:\/\/silk-pajamas.com\/fr\/wp-json\/wp\/v2\/media\/2544"}],"wp:attachment":[{"href":"https:\/\/silk-pajamas.com\/fr\/wp-json\/wp\/v2\/media?parent=544"}],"wp:term":[{"taxonomy":"product_brand","embeddable":true,"href":"https:\/\/silk-pajamas.com\/fr\/wp-json\/wp\/v2\/product_brand?post=544"},{"taxonomy":"product_cat","embeddable":true,"href":"https:\/\/silk-pajamas.com\/fr\/wp-json\/wp\/v2\/product_cat?post=544"},{"taxonomy":"product_tag","embeddable":true,"href":"https:\/\/silk-pajamas.com\/fr\/wp-json\/wp\/v2\/product_tag?post=544"}],"curies":[{"name":"wp","href":"https:\/\/api.w.org\/{rel}","templated":true}]}}