{"id":546,"date":"2026-04-12T15:43:01","date_gmt":"2026-04-12T15:43:01","guid":{"rendered":"https:\/\/silk-pajamas.com\/19-momme-mulberry-silk-camisole-set-adjustable-strap-navy\/"},"modified":"2026-05-09T10:20:04","modified_gmt":"2026-05-09T10:20:04","slug":"19-momme-mulberry-silk-camisole-set-adjustable-strap-navy","status":"publish","type":"product","link":"https:\/\/silk-pajamas.com\/fr\/19-momme-mulberry-silk-camisole-set-adjustable-strap-navy\/","title":{"rendered":"19 Momme Ensemble camisole en soie de m\u00fbrier Bretelles r\u00e9glables Marine"},"content":{"rendered":"<p>Cette parure de nuit deux pi\u00e8ces est r\u00e9alis\u00e9e en soie de m\u00fbrier de 19 mm dans un ton marine. Il est dot\u00e9 de bretelles r\u00e9glables, d'un toucher doux et d'un drap\u00e9 confortable pour les garde-robes de mari\u00e9es. Ce mod\u00e8le convient aux tailles S, M, L et XL et peut \u00eatre port\u00e9 en toute saison, offert en cadeau ou utilis\u00e9 au quotidien. Laver \u00e0 la main \u00e0 froid ou utiliser un cycle d\u00e9licat.<\/p>","protected":false},"excerpt":{"rendered":"<p>19 Momme Ensemble de nuit deux pi\u00e8ces en soie de m\u00fbrier, coloris marine. Finition sangle r\u00e9glable, toucher infroissable et tailles S, M, L, XL. Con\u00e7u pour la garde-robe des mari\u00e9es.<\/p>","protected":false},"featured_media":2552,"template":"","meta":{"_gspb_post_css":""},"product_brand":[],"product_cat":[22],"product_tag":[77,68,61],"class_list":{"0":"post-546","1":"product","2":"type-product","3":"status-publish","4":"has-post-thumbnail","6":"product_cat-silk-camisole-sets","7":"product_tag-19-momme-silk-camisole-set-navy","8":"product_tag-mulberry-silk-camisole-set-adjustable-strap","9":"product_tag-vendor-silk-camisole-set-for-bridal-wardrobes","11":"first","12":"instock","13":"shipping-taxable","14":"purchasable","15":"product-type-simple"},"_links":{"self":[{"href":"https:\/\/silk-pajamas.com\/fr\/wp-json\/wp\/v2\/product\/546","targetHints":{"allow":["GET"]}}],"collection":[{"href":"https:\/\/silk-pajamas.com\/fr\/wp-json\/wp\/v2\/product"}],"about":[{"href":"https:\/\/silk-pajamas.com\/fr\/wp-json\/wp\/v2\/types\/product"}],"wp:featuredmedia":[{"embeddable":true,"href":"https:\/\/silk-pajamas.com\/fr\/wp-json\/wp\/v2\/media\/2552"}],"wp:attachment":[{"href":"https:\/\/silk-pajamas.com\/fr\/wp-json\/wp\/v2\/media?parent=546"}],"wp:term":[{"taxonomy":"product_brand","embeddable":true,"href":"https:\/\/silk-pajamas.com\/fr\/wp-json\/wp\/v2\/product_brand?post=546"},{"taxonomy":"product_cat","embeddable":true,"href":"https:\/\/silk-pajamas.com\/fr\/wp-json\/wp\/v2\/product_cat?post=546"},{"taxonomy":"product_tag","embeddable":true,"href":"https:\/\/silk-pajamas.com\/fr\/wp-json\/wp\/v2\/product_tag?post=546"}],"curies":[{"name":"wp","href":"https:\/\/api.w.org\/{rel}","templated":true}]}}