{"id":547,"date":"2026-04-12T15:43:01","date_gmt":"2026-04-12T15:43:01","guid":{"rendered":"https:\/\/silk-pajamas.com\/19-momme-crepe-silk-cami-shorts-set-lace-trim-emerald\/"},"modified":"2026-05-09T10:22:02","modified_gmt":"2026-05-09T10:22:02","slug":"19-momme-crepe-silk-cami-shorts-set-lace-trim-emerald","status":"publish","type":"product","link":"https:\/\/silk-pajamas.com\/fr\/19-momme-crepe-silk-cami-shorts-set-lace-trim-emerald\/","title":{"rendered":"19 Momme Crepe Silk Cami Shorts Set Lace Trim Emerald"},"content":{"rendered":"<p>R\u00e9alis\u00e9 en cr\u00eape de soie 19 momme, cet ensemble de nuit deux pi\u00e8ces offre un drap\u00e9 lisse, un toucher doux et des mouvements \u00e9l\u00e9gants. La bordure en dentelle et la couleur \u00e9meraude lui conf\u00e8rent une allure \u00e9l\u00e9gante pour la garde-robe de la mari\u00e9e. Disponible en XL, XXL, 3XL, 4XL. Laver \u00e0 la main \u00e0 froid ou utiliser un cycle d\u00e9licat.<\/p>","protected":false},"excerpt":{"rendered":"<p>19 Ensemble de nuit deux pi\u00e8ces en cr\u00eape de soie Momme, coloris \u00e9meraude. Finition en dentelle, drap\u00e9 doux et taille XL, XXL, 3XL, 4XL. Con\u00e7ue pour les garde-robes de mari\u00e9es.<\/p>","protected":false},"featured_media":2556,"template":"","meta":{"_gspb_post_css":""},"product_brand":[],"product_cat":[22],"product_tag":[78,79,80],"class_list":{"0":"post-547","1":"product","2":"type-product","3":"status-publish","4":"has-post-thumbnail","6":"product_cat-silk-camisole-sets","7":"product_tag-19-momme-silk-camisole-set-emerald","8":"product_tag-crepe-silk-camisole-set-lace-trim","9":"product_tag-supplier-silk-camisole-set-for-bridal-wardrobes","11":"first","12":"instock","13":"featured","14":"shipping-taxable","15":"purchasable","16":"product-type-simple"},"_links":{"self":[{"href":"https:\/\/silk-pajamas.com\/fr\/wp-json\/wp\/v2\/product\/547","targetHints":{"allow":["GET"]}}],"collection":[{"href":"https:\/\/silk-pajamas.com\/fr\/wp-json\/wp\/v2\/product"}],"about":[{"href":"https:\/\/silk-pajamas.com\/fr\/wp-json\/wp\/v2\/types\/product"}],"wp:featuredmedia":[{"embeddable":true,"href":"https:\/\/silk-pajamas.com\/fr\/wp-json\/wp\/v2\/media\/2556"}],"wp:attachment":[{"href":"https:\/\/silk-pajamas.com\/fr\/wp-json\/wp\/v2\/media?parent=547"}],"wp:term":[{"taxonomy":"product_brand","embeddable":true,"href":"https:\/\/silk-pajamas.com\/fr\/wp-json\/wp\/v2\/product_brand?post=547"},{"taxonomy":"product_cat","embeddable":true,"href":"https:\/\/silk-pajamas.com\/fr\/wp-json\/wp\/v2\/product_cat?post=547"},{"taxonomy":"product_tag","embeddable":true,"href":"https:\/\/silk-pajamas.com\/fr\/wp-json\/wp\/v2\/product_tag?post=547"}],"curies":[{"name":"wp","href":"https:\/\/api.w.org\/{rel}","templated":true}]}}