{"id":549,"date":"2026-04-12T15:43:01","date_gmt":"2026-04-12T15:43:01","guid":{"rendered":"https:\/\/silk-pajamas.com\/22-momme-charmeuse-silk-cami-set-adjustable-strap-sage\/"},"modified":"2026-05-09T10:25:15","modified_gmt":"2026-05-09T10:25:15","slug":"22-momme-charmeuse-silk-cami-set-adjustable-strap-sage","status":"publish","type":"product","link":"https:\/\/silk-pajamas.com\/fr\/22-momme-charmeuse-silk-cami-set-adjustable-strap-sage\/","title":{"rendered":"22 Momme Charmeuse Silk Cami Set Adjustable Strap Sage"},"content":{"rendered":"<p>Confectionn\u00e9 en 22 momme charmeuse de soie, cet ensemble de nuit deux pi\u00e8ces associe des bretelles r\u00e9glables \u00e0 une brillance douce et \u00e0 une sensation de respirabilit\u00e9. La finition sage lui conf\u00e8re un look raffin\u00e9, tandis que les tailles XL, XXL, 3XL et 4XL permettent de couvrir les besoins essentiels. Convient aux garde-robes de mari\u00e9e et de printemps. Laver \u00e0 la main \u00e0 froid ou utiliser un cycle d\u00e9licat.<\/p>","protected":false},"excerpt":{"rendered":"<p>22 Ensemble de nuit deux pi\u00e8ces en soie charmeuse de Momme, coloris sauge. Bretelles r\u00e9glables, drap\u00e9 doux et gamme de tailles XL, XXL, 3XL, 4XL. Con\u00e7ue pour la garde-robe des mari\u00e9es.<\/p>","protected":false},"featured_media":2559,"template":"","meta":{"_gspb_post_css":""},"product_brand":[],"product_cat":[22],"product_tag":[83,84,85],"class_list":{"0":"post-549","1":"product","2":"type-product","3":"status-publish","4":"has-post-thumbnail","6":"product_cat-silk-camisole-sets","7":"product_tag-22-momme-silk-camisole-set-sage","8":"product_tag-charmeuse-silk-camisole-set-adjustable-strap","9":"product_tag-wholesale-silk-camisole-set-for-bridal-wardrobes","11":"first","12":"instock","13":"shipping-taxable","14":"purchasable","15":"product-type-simple"},"_links":{"self":[{"href":"https:\/\/silk-pajamas.com\/fr\/wp-json\/wp\/v2\/product\/549","targetHints":{"allow":["GET"]}}],"collection":[{"href":"https:\/\/silk-pajamas.com\/fr\/wp-json\/wp\/v2\/product"}],"about":[{"href":"https:\/\/silk-pajamas.com\/fr\/wp-json\/wp\/v2\/types\/product"}],"wp:featuredmedia":[{"embeddable":true,"href":"https:\/\/silk-pajamas.com\/fr\/wp-json\/wp\/v2\/media\/2559"}],"wp:attachment":[{"href":"https:\/\/silk-pajamas.com\/fr\/wp-json\/wp\/v2\/media?parent=549"}],"wp:term":[{"taxonomy":"product_brand","embeddable":true,"href":"https:\/\/silk-pajamas.com\/fr\/wp-json\/wp\/v2\/product_brand?post=549"},{"taxonomy":"product_cat","embeddable":true,"href":"https:\/\/silk-pajamas.com\/fr\/wp-json\/wp\/v2\/product_cat?post=549"},{"taxonomy":"product_tag","embeddable":true,"href":"https:\/\/silk-pajamas.com\/fr\/wp-json\/wp\/v2\/product_tag?post=549"}],"curies":[{"name":"wp","href":"https:\/\/api.w.org\/{rel}","templated":true}]}}