{"id":551,"date":"2026-04-12T15:43:02","date_gmt":"2026-04-12T15:43:02","guid":{"rendered":"https:\/\/silk-pajamas.com\/22-momme-charmeuse-silk-cami-set-contrast-trim-black\/"},"modified":"2026-05-09T09:48:57","modified_gmt":"2026-05-09T09:48:57","slug":"22-momme-charmeuse-silk-cami-set-contrast-trim-black","status":"publish","type":"product","link":"https:\/\/silk-pajamas.com\/fr\/22-momme-charmeuse-silk-cami-set-contrast-trim-black\/","title":{"rendered":"22 Momme Charmeuse Silk Cami Set Contrast Trim Black"},"content":{"rendered":"<p>Fabriqu\u00e9 en 22 momme charmeuse de soie, cet ensemble de nuit deux pi\u00e8ces offre une thermor\u00e9gulation, un toucher doux et des mouvements \u00e9l\u00e9gants. Les bordures contrast\u00e9es et la couleur noire conf\u00e8rent \u00e0 l'ensemble un look raffin\u00e9 pour les s\u00e9jours en station baln\u00e9aire. Disponible en Custom. Laver \u00e0 la main \u00e0 froid ou utiliser un cycle d\u00e9licat.<\/p>","protected":false},"excerpt":{"rendered":"<p>22 Ensemble de nuit deux pi\u00e8ces en soie Momme Charmeuse, noir. Finition en bordures contrast\u00e9es, sensation de thermor\u00e9gulation et gamme de tailles sur mesure. Con\u00e7u pour les s\u00e9jours en centre de vacances.<\/p>","protected":false},"featured_media":2530,"template":"","meta":{"_gspb_post_css":""},"product_brand":[],"product_cat":[22],"product_tag":[87,88,56],"class_list":{"0":"post-551","1":"product","2":"type-product","3":"status-publish","4":"has-post-thumbnail","6":"product_cat-silk-camisole-sets","7":"product_tag-22-momme-silk-camisole-set-black","8":"product_tag-charmeuse-silk-camisole-set-contrast-trim","9":"product_tag-supplier-silk-camisole-set-for-resort-dressing","11":"first","12":"instock","13":"shipping-taxable","14":"purchasable","15":"product-type-simple"},"_links":{"self":[{"href":"https:\/\/silk-pajamas.com\/fr\/wp-json\/wp\/v2\/product\/551","targetHints":{"allow":["GET"]}}],"collection":[{"href":"https:\/\/silk-pajamas.com\/fr\/wp-json\/wp\/v2\/product"}],"about":[{"href":"https:\/\/silk-pajamas.com\/fr\/wp-json\/wp\/v2\/types\/product"}],"wp:featuredmedia":[{"embeddable":true,"href":"https:\/\/silk-pajamas.com\/fr\/wp-json\/wp\/v2\/media\/2530"}],"wp:attachment":[{"href":"https:\/\/silk-pajamas.com\/fr\/wp-json\/wp\/v2\/media?parent=551"}],"wp:term":[{"taxonomy":"product_brand","embeddable":true,"href":"https:\/\/silk-pajamas.com\/fr\/wp-json\/wp\/v2\/product_brand?post=551"},{"taxonomy":"product_cat","embeddable":true,"href":"https:\/\/silk-pajamas.com\/fr\/wp-json\/wp\/v2\/product_cat?post=551"},{"taxonomy":"product_tag","embeddable":true,"href":"https:\/\/silk-pajamas.com\/fr\/wp-json\/wp\/v2\/product_tag?post=551"}],"curies":[{"name":"wp","href":"https:\/\/api.w.org\/{rel}","templated":true}]}}