{"id":552,"date":"2026-04-12T15:43:02","date_gmt":"2026-04-12T15:43:02","guid":{"rendered":"https:\/\/silk-pajamas.com\/19-momme-charmeuse-silk-robe-nightgown-set-plus-size-floral\/"},"modified":"2026-05-09T09:49:29","modified_gmt":"2026-05-09T09:49:29","slug":"19-momme-charmeuse-silk-robe-nightgown-set-plus-size-floral","status":"publish","type":"product","link":"https:\/\/silk-pajamas.com\/fr\/19-momme-charmeuse-silk-robe-nightgown-set-plus-size-floral\/","title":{"rendered":"19 Momme Charmeuse Soie Peignoir de nuit Plus Size Floral"},"content":{"rendered":"<p>Fabriqu\u00e9 avec 19 momme de soie charmeuse, cet ensemble chemise de nuit et peignoir assorti offre un toucher doux, une sensation de douceur sur la peau et un mouvement \u00e9l\u00e9gant. La construction \u00e0 coutures fran\u00e7aises et la couleur florale conf\u00e8rent \u00e0 l'ensemble un look raffin\u00e9 pour les femmes. Disponible en XL, XXL, 3XL, 4XL. Laver \u00e0 la main \u00e0 froid ou utiliser un cycle d\u00e9licat.<\/p>","protected":false},"excerpt":{"rendered":"<p>19 Ensemble chemise de nuit et peignoir assortis en soie Momme Charmeuse \u00e0 motifs floraux. Finition couture fran\u00e7aise, toucher doux et tailles XL, XXL, 3XL, 4XL. Con\u00e7u pour les femmes.<\/p>","protected":false},"featured_media":2362,"template":"","meta":{"_gspb_post_css":""},"product_brand":[],"product_cat":[23],"product_tag":[89,90,91],"class_list":{"0":"post-552","1":"product","2":"type-product","3":"status-publish","4":"has-post-thumbnail","6":"product_cat-silk-nightgown-robe-set","7":"product_tag-19-momme-silk-nightgown-robe-set-floral","8":"product_tag-charmeuse-silk-nightgown-robe-set-french-seam","9":"product_tag-vendor-silk-nightgown-robe-set-for-women","11":"first","12":"instock","13":"featured","14":"shipping-taxable","15":"purchasable","16":"product-type-simple"},"_links":{"self":[{"href":"https:\/\/silk-pajamas.com\/fr\/wp-json\/wp\/v2\/product\/552","targetHints":{"allow":["GET"]}}],"collection":[{"href":"https:\/\/silk-pajamas.com\/fr\/wp-json\/wp\/v2\/product"}],"about":[{"href":"https:\/\/silk-pajamas.com\/fr\/wp-json\/wp\/v2\/types\/product"}],"wp:featuredmedia":[{"embeddable":true,"href":"https:\/\/silk-pajamas.com\/fr\/wp-json\/wp\/v2\/media\/2362"}],"wp:attachment":[{"href":"https:\/\/silk-pajamas.com\/fr\/wp-json\/wp\/v2\/media?parent=552"}],"wp:term":[{"taxonomy":"product_brand","embeddable":true,"href":"https:\/\/silk-pajamas.com\/fr\/wp-json\/wp\/v2\/product_brand?post=552"},{"taxonomy":"product_cat","embeddable":true,"href":"https:\/\/silk-pajamas.com\/fr\/wp-json\/wp\/v2\/product_cat?post=552"},{"taxonomy":"product_tag","embeddable":true,"href":"https:\/\/silk-pajamas.com\/fr\/wp-json\/wp\/v2\/product_tag?post=552"}],"curies":[{"name":"wp","href":"https:\/\/api.w.org\/{rel}","templated":true}]}}