{"id":553,"date":"2026-04-12T15:43:02","date_gmt":"2026-04-12T15:43:02","guid":{"rendered":"https:\/\/silk-pajamas.com\/22-momme-charmeuse-silk-nightgown-robe-set-piped-supplier\/"},"modified":"2026-05-09T09:50:10","modified_gmt":"2026-05-09T09:50:10","slug":"22-momme-charmeuse-silk-nightgown-robe-set-piped-supplier","status":"publish","type":"product","link":"https:\/\/silk-pajamas.com\/fr\/22-momme-charmeuse-silk-nightgown-robe-set-piped-supplier\/","title":{"rendered":"22 Momme Charmeuse Peignoir de nuit en soie Piped Supplier"},"content":{"rendered":"<p>Fabriqu\u00e9 en 22 momme charmeuse de soie, cet ensemble chemise de nuit et peignoir assorti est infroissable, doux au toucher et \u00e9l\u00e9gant dans ses mouvements. La construction passepoil\u00e9e et la couleur lilas conf\u00e8rent \u00e0 l'ensemble un look raffin\u00e9 pour les femmes. Disponible en S, M, L, XL. Laver \u00e0 la main \u00e0 froid ou utiliser un cycle d\u00e9licat.<\/p>","protected":false},"excerpt":{"rendered":"<p>22 Ensemble chemise de nuit et peignoir assortis en soie Momme Charmeuse, coloris lilas. Finition passepoil\u00e9e, toucher infroissable et tailles S, M, L, XL. Con\u00e7u pour les femmes.<\/p>","protected":false},"featured_media":2472,"template":"","meta":{"_gspb_post_css":""},"product_brand":[],"product_cat":[23],"product_tag":[92,93,94],"class_list":{"0":"post-553","1":"product","2":"type-product","3":"status-publish","4":"has-post-thumbnail","6":"product_cat-silk-nightgown-robe-set","7":"product_tag-22-momme-silk-nightgown-robe-set-lilac","8":"product_tag-charmeuse-silk-nightgown-robe-set-piped","9":"product_tag-wholesale-silk-nightgown-robe-set-for-women","11":"first","12":"instock","13":"shipping-taxable","14":"purchasable","15":"product-type-simple"},"_links":{"self":[{"href":"https:\/\/silk-pajamas.com\/fr\/wp-json\/wp\/v2\/product\/553","targetHints":{"allow":["GET"]}}],"collection":[{"href":"https:\/\/silk-pajamas.com\/fr\/wp-json\/wp\/v2\/product"}],"about":[{"href":"https:\/\/silk-pajamas.com\/fr\/wp-json\/wp\/v2\/types\/product"}],"wp:featuredmedia":[{"embeddable":true,"href":"https:\/\/silk-pajamas.com\/fr\/wp-json\/wp\/v2\/media\/2472"}],"wp:attachment":[{"href":"https:\/\/silk-pajamas.com\/fr\/wp-json\/wp\/v2\/media?parent=553"}],"wp:term":[{"taxonomy":"product_brand","embeddable":true,"href":"https:\/\/silk-pajamas.com\/fr\/wp-json\/wp\/v2\/product_brand?post=553"},{"taxonomy":"product_cat","embeddable":true,"href":"https:\/\/silk-pajamas.com\/fr\/wp-json\/wp\/v2\/product_cat?post=553"},{"taxonomy":"product_tag","embeddable":true,"href":"https:\/\/silk-pajamas.com\/fr\/wp-json\/wp\/v2\/product_tag?post=553"}],"curies":[{"name":"wp","href":"https:\/\/api.w.org\/{rel}","templated":true}]}}