{"id":554,"date":"2026-04-12T15:43:02","date_gmt":"2026-04-12T15:43:02","guid":{"rendered":"https:\/\/silk-pajamas.com\/22-momme-mulberry-silk-robe-nightgown-set-bias-cut-champagne\/"},"modified":"2026-05-09T09:50:35","modified_gmt":"2026-05-09T09:50:35","slug":"22-momme-mulberry-silk-robe-nightgown-set-bias-cut-champagne","status":"publish","type":"product","link":"https:\/\/silk-pajamas.com\/fr\/22-momme-mulberry-silk-robe-nightgown-set-bias-cut-champagne\/","title":{"rendered":"22 Momme Ensemble robe de chambre en soie de m\u00fbrier Bias Cut Champagne"},"content":{"rendered":"<p>Fabriqu\u00e9 en soie de m\u00fbrier de 22 mm, cet ensemble chemise de nuit et peignoir assorti offre une r\u00e9gulation thermique, une sensation de douceur sur la peau et un mouvement \u00e9l\u00e9gant. La coupe en biais et la couleur champagne conf\u00e8rent \u00e0 l'ensemble une allure soign\u00e9e pour les programmes de spa. Disponible en XL, XXL, 3XL, 4XL. Laver \u00e0 la main \u00e0 froid ou utiliser un cycle d\u00e9licat.<\/p>","protected":false},"excerpt":{"rendered":"<p>22 Ensemble chemise de nuit et peignoir assortis en soie de m\u00fbrier de Momme en Champagne. Finition Bias Cut, sensation de r\u00e9gulation thermique et gamme de tailles XL, XXL, 3XL, 4XL. Con\u00e7u pour les programmes de spa.<\/p>","protected":false},"featured_media":2491,"template":"","meta":{"_gspb_post_css":""},"product_brand":[],"product_cat":[23],"product_tag":[95,96,97],"class_list":{"0":"post-554","1":"product","2":"type-product","3":"status-publish","4":"has-post-thumbnail","6":"product_cat-silk-nightgown-robe-set","7":"product_tag-22-momme-silk-nightgown-robe-set-champagne","8":"product_tag-mulberry-silk-nightgown-robe-set-bias-cut","9":"product_tag-vendor-silk-nightgown-robe-set-for-spa-programs","11":"first","12":"instock","13":"shipping-taxable","14":"purchasable","15":"product-type-simple"},"_links":{"self":[{"href":"https:\/\/silk-pajamas.com\/fr\/wp-json\/wp\/v2\/product\/554","targetHints":{"allow":["GET"]}}],"collection":[{"href":"https:\/\/silk-pajamas.com\/fr\/wp-json\/wp\/v2\/product"}],"about":[{"href":"https:\/\/silk-pajamas.com\/fr\/wp-json\/wp\/v2\/types\/product"}],"wp:featuredmedia":[{"embeddable":true,"href":"https:\/\/silk-pajamas.com\/fr\/wp-json\/wp\/v2\/media\/2491"}],"wp:attachment":[{"href":"https:\/\/silk-pajamas.com\/fr\/wp-json\/wp\/v2\/media?parent=554"}],"wp:term":[{"taxonomy":"product_brand","embeddable":true,"href":"https:\/\/silk-pajamas.com\/fr\/wp-json\/wp\/v2\/product_brand?post=554"},{"taxonomy":"product_cat","embeddable":true,"href":"https:\/\/silk-pajamas.com\/fr\/wp-json\/wp\/v2\/product_cat?post=554"},{"taxonomy":"product_tag","embeddable":true,"href":"https:\/\/silk-pajamas.com\/fr\/wp-json\/wp\/v2\/product_tag?post=554"}],"curies":[{"name":"wp","href":"https:\/\/api.w.org\/{rel}","templated":true}]}}