{"id":557,"date":"2026-04-12T15:43:02","date_gmt":"2026-04-12T15:43:02","guid":{"rendered":"https:\/\/silk-pajamas.com\/22-momme-charmeuse-silk-nightgown-robe-set-french-seam-rose\/"},"modified":"2026-05-09T09:59:43","modified_gmt":"2026-05-09T09:59:43","slug":"22-momme-charmeuse-silk-nightgown-robe-set-french-seam-rose","status":"publish","type":"product","link":"https:\/\/silk-pajamas.com\/fr\/22-momme-charmeuse-silk-nightgown-robe-set-french-seam-rose\/","title":{"rendered":"22 Momme Charmeuse Soie Peignoir Rose Couture Fran\u00e7aise"},"content":{"rendered":"<p>Confectionn\u00e9 en 22 momme charmeuse de soie, cet ensemble compos\u00e9 d'une chemise de nuit et d'un peignoir allie les coutures fran\u00e7aises \u00e0 une brillance douce et \u00e0 une sensation de respirabilit\u00e9. La finition rose lui conf\u00e8re un aspect raffin\u00e9, tandis que les tailles XS, S, M, L, XL et XXL permettent de r\u00e9pondre aux besoins essentiels. Convient aux femmes et aux garde-robes de toutes saisons. Laver \u00e0 la main \u00e0 froid ou utiliser un cycle d\u00e9licat.<\/p>","protected":false},"excerpt":{"rendered":"<p>22 Ensemble chemise de nuit et peignoir assortis en soie Momme Charmeuse, coloris rose. Finition couture fran\u00e7aise, drap\u00e9 doux et taille XS, S, M, L, XL, XXL. Con\u00e7u pour les femmes.<\/p>","protected":false},"featured_media":2533,"template":"","meta":{"_gspb_post_css":""},"product_brand":[],"product_cat":[23],"product_tag":[103,90,104],"class_list":{"0":"post-557","1":"product","2":"type-product","3":"status-publish","4":"has-post-thumbnail","6":"product_cat-silk-nightgown-robe-set","7":"product_tag-22-momme-silk-nightgown-robe-set-rose","8":"product_tag-charmeuse-silk-nightgown-robe-set-french-seam","9":"product_tag-supplier-silk-nightgown-robe-set-for-women","11":"first","12":"instock","13":"featured","14":"shipping-taxable","15":"purchasable","16":"product-type-simple"},"_links":{"self":[{"href":"https:\/\/silk-pajamas.com\/fr\/wp-json\/wp\/v2\/product\/557","targetHints":{"allow":["GET"]}}],"collection":[{"href":"https:\/\/silk-pajamas.com\/fr\/wp-json\/wp\/v2\/product"}],"about":[{"href":"https:\/\/silk-pajamas.com\/fr\/wp-json\/wp\/v2\/types\/product"}],"wp:featuredmedia":[{"embeddable":true,"href":"https:\/\/silk-pajamas.com\/fr\/wp-json\/wp\/v2\/media\/2533"}],"wp:attachment":[{"href":"https:\/\/silk-pajamas.com\/fr\/wp-json\/wp\/v2\/media?parent=557"}],"wp:term":[{"taxonomy":"product_brand","embeddable":true,"href":"https:\/\/silk-pajamas.com\/fr\/wp-json\/wp\/v2\/product_brand?post=557"},{"taxonomy":"product_cat","embeddable":true,"href":"https:\/\/silk-pajamas.com\/fr\/wp-json\/wp\/v2\/product_cat?post=557"},{"taxonomy":"product_tag","embeddable":true,"href":"https:\/\/silk-pajamas.com\/fr\/wp-json\/wp\/v2\/product_tag?post=557"}],"curies":[{"name":"wp","href":"https:\/\/api.w.org\/{rel}","templated":true}]}}