{"id":558,"date":"2026-04-12T15:43:02","date_gmt":"2026-04-12T15:43:02","guid":{"rendered":"https:\/\/silk-pajamas.com\/19-momme-charmeuse-silk-nightgown-robe-set-bias-cut-wine\/"},"modified":"2026-05-09T10:00:12","modified_gmt":"2026-05-09T10:00:12","slug":"19-momme-charmeuse-silk-nightgown-robe-set-bias-cut-wine","status":"publish","type":"product","link":"https:\/\/silk-pajamas.com\/fr\/19-momme-charmeuse-silk-nightgown-robe-set-bias-cut-wine\/","title":{"rendered":"19 Momme Charmeuse Soie Peignoir Robe de nuit Coupe Bias Vin"},"content":{"rendered":"<p>Cet ensemble chemise de nuit et peignoir assorti est r\u00e9alis\u00e9 en soie charmeuse 19 momme dans un ton lie-de-vin. Il pr\u00e9sente une coupe en biais, un toucher doux et un drap\u00e9 confortable pour les assortiments de cadeaux. Ce mod\u00e8le convient aux tailles S, M, L et XL et convient parfaitement aux tenues de printemps, aux cadeaux et au confort quotidien. Laver \u00e0 la main \u00e0 froid ou utiliser un cycle d\u00e9licat.<\/p>","protected":false},"excerpt":{"rendered":"<p>19 Ensemble chemise de nuit et peignoir assortis en soie Momme Charmeuse, couleur vin. Finition en biais, toucher doux et tailles S, M, L, XL. Con\u00e7u pour les assortiments de cadeaux.<\/p>","protected":false},"featured_media":2532,"template":"","meta":{"_gspb_post_css":""},"product_brand":[],"product_cat":[23],"product_tag":[98,105,106],"class_list":{"0":"post-558","1":"product","2":"type-product","3":"status-publish","4":"has-post-thumbnail","6":"product_cat-silk-nightgown-robe-set","7":"product_tag-19-momme-silk-nightgown-robe-set-wine","8":"product_tag-charmeuse-silk-nightgown-robe-set-bias-cut","9":"product_tag-vendor-silk-nightgown-robe-set-for-gift-assortments","11":"first","12":"instock","13":"shipping-taxable","14":"purchasable","15":"product-type-simple"},"_links":{"self":[{"href":"https:\/\/silk-pajamas.com\/fr\/wp-json\/wp\/v2\/product\/558","targetHints":{"allow":["GET"]}}],"collection":[{"href":"https:\/\/silk-pajamas.com\/fr\/wp-json\/wp\/v2\/product"}],"about":[{"href":"https:\/\/silk-pajamas.com\/fr\/wp-json\/wp\/v2\/types\/product"}],"wp:featuredmedia":[{"embeddable":true,"href":"https:\/\/silk-pajamas.com\/fr\/wp-json\/wp\/v2\/media\/2532"}],"wp:attachment":[{"href":"https:\/\/silk-pajamas.com\/fr\/wp-json\/wp\/v2\/media?parent=558"}],"wp:term":[{"taxonomy":"product_brand","embeddable":true,"href":"https:\/\/silk-pajamas.com\/fr\/wp-json\/wp\/v2\/product_brand?post=558"},{"taxonomy":"product_cat","embeddable":true,"href":"https:\/\/silk-pajamas.com\/fr\/wp-json\/wp\/v2\/product_cat?post=558"},{"taxonomy":"product_tag","embeddable":true,"href":"https:\/\/silk-pajamas.com\/fr\/wp-json\/wp\/v2\/product_tag?post=558"}],"curies":[{"name":"wp","href":"https:\/\/api.w.org\/{rel}","templated":true}]}}