{"id":561,"date":"2026-04-12T15:43:02","date_gmt":"2026-04-12T15:43:02","guid":{"rendered":"https:\/\/silk-pajamas.com\/19-momme-crepe-silk-nightgown-robe-set-belted-floral-factory\/"},"modified":"2026-05-09T10:02:58","modified_gmt":"2026-05-09T10:02:58","slug":"19-momme-crepe-silk-nightgown-robe-set-belted-floral-factory","status":"publish","type":"product","link":"https:\/\/silk-pajamas.com\/fr\/19-momme-crepe-silk-nightgown-robe-set-belted-floral-factory\/","title":{"rendered":"19 Momme Crepe Silk Nightgown Robe Set Belted Floral Factory"},"content":{"rendered":"<p>Fabriqu\u00e9 en cr\u00eape de soie 19 momme, cet ensemble chemise de nuit et peignoir assorti offre un drap\u00e9 lisse, un toucher doux et un mouvement \u00e9l\u00e9gant. La construction ceintur\u00e9e et la couleur florale assurent un look raffin\u00e9 pour les programmes de spa. Disponible en XL, XXL, 3XL, 4XL. Laver \u00e0 la main \u00e0 froid ou utiliser un cycle d\u00e9licat.<\/p>","protected":false},"excerpt":{"rendered":"<p>19 Ensemble chemise de nuit et peignoir assortis en cr\u00eape de soie Momme \u00e0 motifs floraux. Finition ceintur\u00e9e, drap\u00e9 doux et taille XL, XXL, 3XL, 4XL. Con\u00e7u pour les programmes de spa.<\/p>","protected":false},"featured_media":2372,"template":"","meta":{"_gspb_post_css":""},"product_brand":[],"product_cat":[23],"product_tag":[89,112,113],"class_list":{"0":"post-561","1":"product","2":"type-product","3":"status-publish","4":"has-post-thumbnail","6":"product_cat-silk-nightgown-robe-set","7":"product_tag-19-momme-silk-nightgown-robe-set-floral","8":"product_tag-crepe-silk-nightgown-robe-set-belted","9":"product_tag-supplier-silk-nightgown-robe-set-for-spa-programs","11":"first","12":"instock","13":"shipping-taxable","14":"purchasable","15":"product-type-simple"},"_links":{"self":[{"href":"https:\/\/silk-pajamas.com\/fr\/wp-json\/wp\/v2\/product\/561","targetHints":{"allow":["GET"]}}],"collection":[{"href":"https:\/\/silk-pajamas.com\/fr\/wp-json\/wp\/v2\/product"}],"about":[{"href":"https:\/\/silk-pajamas.com\/fr\/wp-json\/wp\/v2\/types\/product"}],"wp:featuredmedia":[{"embeddable":true,"href":"https:\/\/silk-pajamas.com\/fr\/wp-json\/wp\/v2\/media\/2372"}],"wp:attachment":[{"href":"https:\/\/silk-pajamas.com\/fr\/wp-json\/wp\/v2\/media?parent=561"}],"wp:term":[{"taxonomy":"product_brand","embeddable":true,"href":"https:\/\/silk-pajamas.com\/fr\/wp-json\/wp\/v2\/product_brand?post=561"},{"taxonomy":"product_cat","embeddable":true,"href":"https:\/\/silk-pajamas.com\/fr\/wp-json\/wp\/v2\/product_cat?post=561"},{"taxonomy":"product_tag","embeddable":true,"href":"https:\/\/silk-pajamas.com\/fr\/wp-json\/wp\/v2\/product_tag?post=561"}],"curies":[{"name":"wp","href":"https:\/\/api.w.org\/{rel}","templated":true}]}}