{"id":562,"date":"2026-04-12T15:43:06","date_gmt":"2026-04-12T15:43:06","guid":{"rendered":"https:\/\/silk-pajamas.com\/22-momme-charmeuse-silk-nightgown-robe-set-belted-leopard\/"},"modified":"2026-05-09T09:34:55","modified_gmt":"2026-05-09T09:34:55","slug":"22-momme-charmeuse-silk-nightgown-robe-set-belted-leopard","status":"publish","type":"product","link":"https:\/\/silk-pajamas.com\/fr\/22-momme-charmeuse-silk-nightgown-robe-set-belted-leopard\/","title":{"rendered":"22 Momme Charmeuse Soie Robe de nuit Ceinture L\u00e9opard"},"content":{"rendered":"<p>Fabriqu\u00e9 en 22 momme charmeuse de soie, cet ensemble chemise de nuit et peignoir assorti est infroissable, doux au toucher et \u00e9l\u00e9gant au niveau du mouvement. La construction ceintur\u00e9e et la couleur l\u00e9opard conf\u00e8rent \u00e0 cet ensemble un look raffin\u00e9 pour les femmes. Disponible en XL, XXL, 3XL, 4XL. Laver \u00e0 la main \u00e0 froid ou utiliser un cycle d\u00e9licat.<\/p>","protected":false},"excerpt":{"rendered":"<p>22 Ensemble chemise de nuit et peignoir assortis en soie Momme Charmeuse, coloris l\u00e9opard. Finition ceintur\u00e9e, toucher infroissable et tailles XL, XXL, 3XL, 4XL. Con\u00e7u pour les femmes.<\/p>","protected":false},"featured_media":2510,"template":"","meta":{"_gspb_post_css":""},"product_brand":[],"product_cat":[23],"product_tag":[114,115,91],"class_list":{"0":"post-562","1":"product","2":"type-product","3":"status-publish","4":"has-post-thumbnail","6":"product_cat-silk-nightgown-robe-set","7":"product_tag-22-momme-silk-nightgown-robe-set-leopard","8":"product_tag-charmeuse-silk-nightgown-robe-set-belted","9":"product_tag-vendor-silk-nightgown-robe-set-for-women","11":"first","12":"instock","13":"featured","14":"shipping-taxable","15":"purchasable","16":"product-type-simple"},"_links":{"self":[{"href":"https:\/\/silk-pajamas.com\/fr\/wp-json\/wp\/v2\/product\/562","targetHints":{"allow":["GET"]}}],"collection":[{"href":"https:\/\/silk-pajamas.com\/fr\/wp-json\/wp\/v2\/product"}],"about":[{"href":"https:\/\/silk-pajamas.com\/fr\/wp-json\/wp\/v2\/types\/product"}],"wp:featuredmedia":[{"embeddable":true,"href":"https:\/\/silk-pajamas.com\/fr\/wp-json\/wp\/v2\/media\/2510"}],"wp:attachment":[{"href":"https:\/\/silk-pajamas.com\/fr\/wp-json\/wp\/v2\/media?parent=562"}],"wp:term":[{"taxonomy":"product_brand","embeddable":true,"href":"https:\/\/silk-pajamas.com\/fr\/wp-json\/wp\/v2\/product_brand?post=562"},{"taxonomy":"product_cat","embeddable":true,"href":"https:\/\/silk-pajamas.com\/fr\/wp-json\/wp\/v2\/product_cat?post=562"},{"taxonomy":"product_tag","embeddable":true,"href":"https:\/\/silk-pajamas.com\/fr\/wp-json\/wp\/v2\/product_tag?post=562"}],"curies":[{"name":"wp","href":"https:\/\/api.w.org\/{rel}","templated":true}]}}