{"id":563,"date":"2026-04-12T15:43:06","date_gmt":"2026-04-12T15:43:06","guid":{"rendered":"https:\/\/silk-pajamas.com\/16-momme-sandwashed-silk-nightgown-robe-set-lace-trim-black\/"},"modified":"2026-05-09T09:35:19","modified_gmt":"2026-05-09T09:35:19","slug":"16-momme-sandwashed-silk-nightgown-robe-set-lace-trim-black","status":"publish","type":"product","link":"https:\/\/silk-pajamas.com\/fr\/16-momme-sandwashed-silk-nightgown-robe-set-lace-trim-black\/","title":{"rendered":"16 Momme Robe de nuit en soie lav\u00e9e Garniture en dentelle Noir"},"content":{"rendered":"<p>Fabriqu\u00e9 avec de la soie sabl\u00e9e de 16 mm, cet ensemble chemise de nuit et peignoir assorti offre une r\u00e9gulation thermique, une sensation de douceur sur la peau et un mouvement \u00e9l\u00e9gant. Les bordures en dentelle et la couleur noire conf\u00e8rent \u00e0 l'ensemble une allure soign\u00e9e pour les programmes de spa. Disponible en S, M, L, XL. Laver \u00e0 la main \u00e0 froid ou utiliser un cycle d\u00e9licat.<\/p>","protected":false},"excerpt":{"rendered":"<p>16 Momme Ensemble peignoir et chemise de nuit assortis en soie lav\u00e9e, de couleur noire. Finition en dentelle, sensation de r\u00e9gulation thermique et tailles S, M, L, XL. Con\u00e7u pour les programmes de spa.<\/p>","protected":false},"featured_media":2501,"template":"","meta":{"_gspb_post_css":""},"product_brand":[],"product_cat":[23],"product_tag":[116,108,113],"class_list":{"0":"post-563","1":"product","2":"type-product","3":"status-publish","4":"has-post-thumbnail","6":"product_cat-silk-nightgown-robe-set","7":"product_tag-16-momme-silk-nightgown-robe-set-black","8":"product_tag-sandwashed-silk-nightgown-robe-set-lace-trim","9":"product_tag-supplier-silk-nightgown-robe-set-for-spa-programs","11":"first","12":"instock","13":"shipping-taxable","14":"purchasable","15":"product-type-simple"},"_links":{"self":[{"href":"https:\/\/silk-pajamas.com\/fr\/wp-json\/wp\/v2\/product\/563","targetHints":{"allow":["GET"]}}],"collection":[{"href":"https:\/\/silk-pajamas.com\/fr\/wp-json\/wp\/v2\/product"}],"about":[{"href":"https:\/\/silk-pajamas.com\/fr\/wp-json\/wp\/v2\/types\/product"}],"wp:featuredmedia":[{"embeddable":true,"href":"https:\/\/silk-pajamas.com\/fr\/wp-json\/wp\/v2\/media\/2501"}],"wp:attachment":[{"href":"https:\/\/silk-pajamas.com\/fr\/wp-json\/wp\/v2\/media?parent=563"}],"wp:term":[{"taxonomy":"product_brand","embeddable":true,"href":"https:\/\/silk-pajamas.com\/fr\/wp-json\/wp\/v2\/product_brand?post=563"},{"taxonomy":"product_cat","embeddable":true,"href":"https:\/\/silk-pajamas.com\/fr\/wp-json\/wp\/v2\/product_cat?post=563"},{"taxonomy":"product_tag","embeddable":true,"href":"https:\/\/silk-pajamas.com\/fr\/wp-json\/wp\/v2\/product_tag?post=563"}],"curies":[{"name":"wp","href":"https:\/\/api.w.org\/{rel}","templated":true}]}}