{"id":564,"date":"2026-04-12T15:43:06","date_gmt":"2026-04-12T15:43:06","guid":{"rendered":"https:\/\/silk-pajamas.com\/16-momme-crepe-silk-robe-nightgown-set-belted-manufacturer\/"},"modified":"2026-05-09T09:37:23","modified_gmt":"2026-05-09T09:37:23","slug":"16-momme-crepe-silk-robe-nightgown-set-belted-manufacturer","status":"publish","type":"product","link":"https:\/\/silk-pajamas.com\/fr\/16-momme-crepe-silk-robe-nightgown-set-belted-manufacturer\/","title":{"rendered":"16 Momme Crepe Silk Robe Nightgown Set Belted Manufacturer"},"content":{"rendered":"<p>R\u00e9alis\u00e9 en cr\u00eape de soie 16 momme, cet ensemble chemise de nuit et peignoir assorti offre une sensation de l\u00e9g\u00e8ret\u00e9 et de douceur sur la peau, ainsi qu'un mouvement \u00e9l\u00e9gant. La construction ceintur\u00e9e et la couleur champagne conf\u00e8rent \u00e0 l'ensemble un look raffin\u00e9 pour les femmes. Disponible en XS, S, M, L, XL, XXL. Laver \u00e0 la main \u00e0 froid ou utiliser un cycle d\u00e9licat.<\/p>","protected":false},"excerpt":{"rendered":"<p>16 Ensemble chemise de nuit et peignoir assortis en cr\u00eape de soie Momme, coloris champagne. Finition ceintur\u00e9e, l\u00e9g\u00e8ret\u00e9 et taille XS, S, M, L, XL, XXL. Con\u00e7u pour la femme.<\/p>","protected":false},"featured_media":2511,"template":"","meta":{"_gspb_post_css":""},"product_brand":[],"product_cat":[23],"product_tag":[117,112,118],"class_list":{"0":"post-564","1":"product","2":"type-product","3":"status-publish","4":"has-post-thumbnail","6":"product_cat-silk-nightgown-robe-set","7":"product_tag-16-momme-silk-nightgown-robe-set-champagne","8":"product_tag-crepe-silk-nightgown-robe-set-belted","9":"product_tag-manufacturer-silk-nightgown-robe-set-for-women","11":"first","12":"instock","13":"shipping-taxable","14":"purchasable","15":"product-type-simple"},"_links":{"self":[{"href":"https:\/\/silk-pajamas.com\/fr\/wp-json\/wp\/v2\/product\/564","targetHints":{"allow":["GET"]}}],"collection":[{"href":"https:\/\/silk-pajamas.com\/fr\/wp-json\/wp\/v2\/product"}],"about":[{"href":"https:\/\/silk-pajamas.com\/fr\/wp-json\/wp\/v2\/types\/product"}],"wp:featuredmedia":[{"embeddable":true,"href":"https:\/\/silk-pajamas.com\/fr\/wp-json\/wp\/v2\/media\/2511"}],"wp:attachment":[{"href":"https:\/\/silk-pajamas.com\/fr\/wp-json\/wp\/v2\/media?parent=564"}],"wp:term":[{"taxonomy":"product_brand","embeddable":true,"href":"https:\/\/silk-pajamas.com\/fr\/wp-json\/wp\/v2\/product_brand?post=564"},{"taxonomy":"product_cat","embeddable":true,"href":"https:\/\/silk-pajamas.com\/fr\/wp-json\/wp\/v2\/product_cat?post=564"},{"taxonomy":"product_tag","embeddable":true,"href":"https:\/\/silk-pajamas.com\/fr\/wp-json\/wp\/v2\/product_tag?post=564"}],"curies":[{"name":"wp","href":"https:\/\/api.w.org\/{rel}","templated":true}]}}