{"id":569,"date":"2026-04-12T15:43:06","date_gmt":"2026-04-12T15:43:06","guid":{"rendered":"https:\/\/silk-pajamas.com\/25-momme-mulberry-silk-nightgown-robe-set-french-seam-silver\/"},"modified":"2026-05-09T09:44:36","modified_gmt":"2026-05-09T09:44:36","slug":"25-momme-mulberry-silk-nightgown-robe-set-french-seam-silver","status":"publish","type":"product","link":"https:\/\/silk-pajamas.com\/fr\/25-momme-mulberry-silk-nightgown-robe-set-french-seam-silver\/","title":{"rendered":"25 Momme Peignoir de nuit en soie de m\u00fbrier Couture fran\u00e7aise Argent"},"content":{"rendered":"<p>Confectionn\u00e9 en 25 momme de soie de m\u00fbrier, cet ensemble chemise de nuit et peignoir assorti associe les coutures fran\u00e7aises \u00e0 une brillance douce et \u00e0 une sensation de respirabilit\u00e9. La finition argent\u00e9e lui conf\u00e8re un aspect raffin\u00e9, tandis que les tailles personnalis\u00e9es permettent de couvrir les besoins essentiels. Convient aux programmes de spa et aux garde-robes de printemps. Laver \u00e0 la main \u00e0 froid ou utiliser un cycle d\u00e9licat.<\/p>","protected":false},"excerpt":{"rendered":"<p>25 Ensemble chemise de nuit et peignoir assortis en soie Momme Mulberry en argent. Finition couture fran\u00e7aise, toucher infroissable et taille sur mesure. Con\u00e7u pour les programmes de spa.<\/p>","protected":false},"featured_media":2452,"template":"","meta":{"_gspb_post_css":""},"product_brand":[],"product_cat":[23],"product_tag":[127,128,120],"class_list":{"0":"post-569","1":"product","2":"type-product","3":"status-publish","4":"has-post-thumbnail","6":"product_cat-silk-nightgown-robe-set","7":"product_tag-25-momme-silk-nightgown-robe-set-silver","8":"product_tag-manufacturer-silk-nightgown-robe-set-for-spa-programs","9":"product_tag-mulberry-silk-nightgown-robe-set-french-seam","11":"first","12":"instock","13":"shipping-taxable","14":"purchasable","15":"product-type-simple"},"_links":{"self":[{"href":"https:\/\/silk-pajamas.com\/fr\/wp-json\/wp\/v2\/product\/569","targetHints":{"allow":["GET"]}}],"collection":[{"href":"https:\/\/silk-pajamas.com\/fr\/wp-json\/wp\/v2\/product"}],"about":[{"href":"https:\/\/silk-pajamas.com\/fr\/wp-json\/wp\/v2\/types\/product"}],"wp:featuredmedia":[{"embeddable":true,"href":"https:\/\/silk-pajamas.com\/fr\/wp-json\/wp\/v2\/media\/2452"}],"wp:attachment":[{"href":"https:\/\/silk-pajamas.com\/fr\/wp-json\/wp\/v2\/media?parent=569"}],"wp:term":[{"taxonomy":"product_brand","embeddable":true,"href":"https:\/\/silk-pajamas.com\/fr\/wp-json\/wp\/v2\/product_brand?post=569"},{"taxonomy":"product_cat","embeddable":true,"href":"https:\/\/silk-pajamas.com\/fr\/wp-json\/wp\/v2\/product_cat?post=569"},{"taxonomy":"product_tag","embeddable":true,"href":"https:\/\/silk-pajamas.com\/fr\/wp-json\/wp\/v2\/product_tag?post=569"}],"curies":[{"name":"wp","href":"https:\/\/api.w.org\/{rel}","templated":true}]}}