{"id":570,"date":"2026-04-12T15:43:07","date_gmt":"2026-04-12T15:43:07","guid":{"rendered":"https:\/\/silk-pajamas.com\/16-momme-sandwashed-silk-robe-nightgown-set-plus-size-coffee\/"},"modified":"2026-05-09T09:14:51","modified_gmt":"2026-05-09T09:14:51","slug":"16-momme-sandwashed-silk-robe-nightgown-set-plus-size-coffee","status":"publish","type":"product","link":"https:\/\/silk-pajamas.com\/fr\/16-momme-sandwashed-silk-robe-nightgown-set-plus-size-coffee\/","title":{"rendered":"16 Momme Ensemble peignoir de nuit en soie lav\u00e9e Taille Plus Caf\u00e9"},"content":{"rendered":"<p>Confectionn\u00e9 en 16 momme de soie sabl\u00e9e, cet ensemble chemise de nuit et peignoir assorti associe les coutures fran\u00e7aises \u00e0 une brillance douce et \u00e0 une sensation de respirabilit\u00e9. La finition caf\u00e9 lui conf\u00e8re un aspect raffin\u00e9, tandis que les tailles XL, XXL, 3XL et 4XL permettent de couvrir les besoins essentiels. Convient aux programmes de spa et aux garde-robes d'\u00e9t\u00e9. Laver \u00e0 la main \u00e0 froid ou utiliser un cycle d\u00e9licat.<\/p>","protected":false},"excerpt":{"rendered":"<p>16 Ensemble chemise de nuit et peignoir assortis en soie chin\u00e9e Momme, coloris caf\u00e9. Finition couture fran\u00e7aise, sensation de r\u00e9gulation thermique et gamme de tailles XL, XXL, 3XL, 4XL. Con\u00e7u pour les programmes de spa.<\/p>","protected":false},"featured_media":2478,"template":"","meta":{"_gspb_post_css":""},"product_brand":[],"product_cat":[23],"product_tag":[129,130,113],"class_list":{"0":"post-570","1":"product","2":"type-product","3":"status-publish","4":"has-post-thumbnail","6":"product_cat-silk-nightgown-robe-set","7":"product_tag-16-momme-silk-nightgown-robe-set-coffee","8":"product_tag-sandwashed-silk-nightgown-robe-set-french-seam","9":"product_tag-supplier-silk-nightgown-robe-set-for-spa-programs","11":"first","12":"instock","13":"shipping-taxable","14":"purchasable","15":"product-type-simple"},"_links":{"self":[{"href":"https:\/\/silk-pajamas.com\/fr\/wp-json\/wp\/v2\/product\/570","targetHints":{"allow":["GET"]}}],"collection":[{"href":"https:\/\/silk-pajamas.com\/fr\/wp-json\/wp\/v2\/product"}],"about":[{"href":"https:\/\/silk-pajamas.com\/fr\/wp-json\/wp\/v2\/types\/product"}],"wp:featuredmedia":[{"embeddable":true,"href":"https:\/\/silk-pajamas.com\/fr\/wp-json\/wp\/v2\/media\/2478"}],"wp:attachment":[{"href":"https:\/\/silk-pajamas.com\/fr\/wp-json\/wp\/v2\/media?parent=570"}],"wp:term":[{"taxonomy":"product_brand","embeddable":true,"href":"https:\/\/silk-pajamas.com\/fr\/wp-json\/wp\/v2\/product_brand?post=570"},{"taxonomy":"product_cat","embeddable":true,"href":"https:\/\/silk-pajamas.com\/fr\/wp-json\/wp\/v2\/product_cat?post=570"},{"taxonomy":"product_tag","embeddable":true,"href":"https:\/\/silk-pajamas.com\/fr\/wp-json\/wp\/v2\/product_tag?post=570"}],"curies":[{"name":"wp","href":"https:\/\/api.w.org\/{rel}","templated":true}]}}