{"id":573,"date":"2026-04-12T15:43:07","date_gmt":"2026-04-12T15:43:07","guid":{"rendered":"https:\/\/silk-pajamas.com\/25-momme-sandwashed-silk-nightgown-cowl-neck-navy\/"},"modified":"2026-05-09T09:21:48","modified_gmt":"2026-05-09T09:21:48","slug":"25-momme-sandwashed-silk-nightgown-cowl-neck-navy","status":"publish","type":"product","link":"https:\/\/silk-pajamas.com\/fr\/25-momme-sandwashed-silk-nightgown-cowl-neck-navy\/","title":{"rendered":"25 Momme Chemise de nuit en soie lav\u00e9e Col b\u00e9nitier Marine"},"content":{"rendered":"<p>Fabriqu\u00e9e avec de la soie sabl\u00e9e de 25 mm, cette chemise de nuit \u00e0 glissi\u00e8re est infroissable, douce au toucher et \u00e9l\u00e9gante dans ses mouvements. Son col b\u00e9nitier et sa couleur marine lui conf\u00e8rent une allure \u00e9l\u00e9gante pour les femmes. Disponible en XS, S, M, L, XL. Laver \u00e0 la main \u00e0 froid ou utiliser un cycle d\u00e9licat.<\/p>","protected":false},"excerpt":{"rendered":"<p>25 Chemise de nuit en soie lav\u00e9e de Momme, marine. Finition col b\u00e9nitier, toucher infroissable et taille XS, S, M, L, XL. Con\u00e7ue pour les femmes.<\/p>","protected":false},"featured_media":2486,"template":"","meta":{"_gspb_post_css":""},"product_brand":[],"product_cat":[21],"product_tag":[137,139,138],"class_list":{"0":"post-573","1":"product","2":"type-product","3":"status-publish","4":"has-post-thumbnail","6":"product_cat-silk-nightgowns","7":"product_tag-25-momme-silk-nightgown-navy","8":"product_tag-factory-silk-nightgown-for-women","9":"product_tag-sandwashed-silk-nightgown-cowl-neck","11":"first","12":"instock","13":"shipping-taxable","14":"purchasable","15":"product-type-simple"},"_links":{"self":[{"href":"https:\/\/silk-pajamas.com\/fr\/wp-json\/wp\/v2\/product\/573","targetHints":{"allow":["GET"]}}],"collection":[{"href":"https:\/\/silk-pajamas.com\/fr\/wp-json\/wp\/v2\/product"}],"about":[{"href":"https:\/\/silk-pajamas.com\/fr\/wp-json\/wp\/v2\/types\/product"}],"wp:featuredmedia":[{"embeddable":true,"href":"https:\/\/silk-pajamas.com\/fr\/wp-json\/wp\/v2\/media\/2486"}],"wp:attachment":[{"href":"https:\/\/silk-pajamas.com\/fr\/wp-json\/wp\/v2\/media?parent=573"}],"wp:term":[{"taxonomy":"product_brand","embeddable":true,"href":"https:\/\/silk-pajamas.com\/fr\/wp-json\/wp\/v2\/product_brand?post=573"},{"taxonomy":"product_cat","embeddable":true,"href":"https:\/\/silk-pajamas.com\/fr\/wp-json\/wp\/v2\/product_cat?post=573"},{"taxonomy":"product_tag","embeddable":true,"href":"https:\/\/silk-pajamas.com\/fr\/wp-json\/wp\/v2\/product_tag?post=573"}],"curies":[{"name":"wp","href":"https:\/\/api.w.org\/{rel}","templated":true}]}}