{"id":574,"date":"2026-04-12T15:43:07","date_gmt":"2026-04-12T15:43:07","guid":{"rendered":"https:\/\/silk-pajamas.com\/25-momme-mulberry-silk-nightgown-adjustable-strap-sky-blue\/"},"modified":"2026-05-09T09:23:19","modified_gmt":"2026-05-09T09:23:19","slug":"25-momme-mulberry-silk-nightgown-adjustable-strap-sky-blue","status":"publish","type":"product","link":"https:\/\/silk-pajamas.com\/fr\/25-momme-mulberry-silk-nightgown-adjustable-strap-sky-blue\/","title":{"rendered":"25 Momme Chemise de nuit en soie de m\u00fbrier \u00e0 bretelles r\u00e9glables Bleu ciel"},"content":{"rendered":"<p>Confectionn\u00e9e en 25 momme de soie de m\u00fbrier, cette chemise de nuit \u00e0 enfiler associe des bretelles r\u00e9glables \u00e0 une brillance douce et \u00e0 une sensation de respirabilit\u00e9. La finition bleu ciel lui conf\u00e8re un aspect raffin\u00e9, tandis que les tailles XL, XXL, 3XL et 4XL permettent de r\u00e9pondre \u00e0 la demande. Convient aux assortiments de cadeaux et aux garde-robes d'automne. Laver \u00e0 la main \u00e0 froid ou utiliser un cycle d\u00e9licat.<\/p>","protected":false},"excerpt":{"rendered":"<p>25 Chemise de nuit en soie de m\u00fbrier de Momme, bleu ciel. Finition avec sangles r\u00e9glables, sensation de r\u00e9gulation thermique et gamme de tailles XL, XXL, 3XL, 4XL. Con\u00e7ue pour les assortiments de cadeaux.<\/p>","protected":false},"featured_media":2489,"template":"","meta":{"_gspb_post_css":""},"product_brand":[],"product_cat":[21],"product_tag":[140,132,136],"class_list":{"0":"post-574","1":"product","2":"type-product","3":"status-publish","4":"has-post-thumbnail","6":"product_cat-silk-nightgowns","7":"product_tag-25-momme-silk-nightgown-sky-blue","8":"product_tag-mulberry-silk-nightgown-adjustable-strap","9":"product_tag-vendor-silk-nightgown-for-gift-assortments","11":"first","12":"instock","13":"shipping-taxable","14":"purchasable","15":"product-type-simple"},"_links":{"self":[{"href":"https:\/\/silk-pajamas.com\/fr\/wp-json\/wp\/v2\/product\/574","targetHints":{"allow":["GET"]}}],"collection":[{"href":"https:\/\/silk-pajamas.com\/fr\/wp-json\/wp\/v2\/product"}],"about":[{"href":"https:\/\/silk-pajamas.com\/fr\/wp-json\/wp\/v2\/types\/product"}],"wp:featuredmedia":[{"embeddable":true,"href":"https:\/\/silk-pajamas.com\/fr\/wp-json\/wp\/v2\/media\/2489"}],"wp:attachment":[{"href":"https:\/\/silk-pajamas.com\/fr\/wp-json\/wp\/v2\/media?parent=574"}],"wp:term":[{"taxonomy":"product_brand","embeddable":true,"href":"https:\/\/silk-pajamas.com\/fr\/wp-json\/wp\/v2\/product_brand?post=574"},{"taxonomy":"product_cat","embeddable":true,"href":"https:\/\/silk-pajamas.com\/fr\/wp-json\/wp\/v2\/product_cat?post=574"},{"taxonomy":"product_tag","embeddable":true,"href":"https:\/\/silk-pajamas.com\/fr\/wp-json\/wp\/v2\/product_tag?post=574"}],"curies":[{"name":"wp","href":"https:\/\/api.w.org\/{rel}","templated":true}]}}