{"id":580,"date":"2026-04-12T15:43:07","date_gmt":"2026-04-12T15:43:07","guid":{"rendered":"https:\/\/silk-pajamas.com\/19-momme-charmeuse-silk-slip-nightgown-lace-trim-coffee\/"},"modified":"2026-05-09T09:29:17","modified_gmt":"2026-05-09T09:29:17","slug":"19-momme-charmeuse-silk-slip-nightgown-lace-trim-coffee","status":"publish","type":"product","link":"https:\/\/silk-pajamas.com\/fr\/19-momme-charmeuse-silk-slip-nightgown-lace-trim-coffee\/","title":{"rendered":"19 Momme Charmeuse Chemise de nuit en soie bord\u00e9e de dentelle Caf\u00e9"},"content":{"rendered":"<p>R\u00e9alis\u00e9e en soie charmeuse 19 momme, cette chemise de nuit \u00e0 glissi\u00e8re offre un toucher doux et respirant et des mouvements \u00e9l\u00e9gants. Les bordures en dentelle et la couleur caf\u00e9 lui conf\u00e8rent une allure raffin\u00e9e. Disponible en XS, S, M, L, XL. Laver \u00e0 la main \u00e0 froid ou utiliser un cycle d\u00e9licat.<\/p>","protected":false},"excerpt":{"rendered":"<p>19 Chemise de nuit en soie charmeuse de Momme, coloris caf\u00e9. Finition en dentelle, sensation de respirabilit\u00e9 et tailles XS, S, M, L, XL. Con\u00e7ue pour les femmes.<\/p>","protected":false},"featured_media":2478,"template":"","meta":{"_gspb_post_css":""},"product_brand":[],"product_cat":[21],"product_tag":[154,155,156],"class_list":{"0":"post-580","1":"product","2":"type-product","3":"status-publish","4":"has-post-thumbnail","6":"product_cat-silk-nightgowns","7":"product_tag-19-momme-silk-nightgown-coffee","8":"product_tag-charmeuse-silk-nightgown-lace-trim","9":"product_tag-vendor-silk-nightgown-for-women","11":"first","12":"instock","13":"shipping-taxable","14":"purchasable","15":"product-type-simple"},"_links":{"self":[{"href":"https:\/\/silk-pajamas.com\/fr\/wp-json\/wp\/v2\/product\/580","targetHints":{"allow":["GET"]}}],"collection":[{"href":"https:\/\/silk-pajamas.com\/fr\/wp-json\/wp\/v2\/product"}],"about":[{"href":"https:\/\/silk-pajamas.com\/fr\/wp-json\/wp\/v2\/types\/product"}],"wp:featuredmedia":[{"embeddable":true,"href":"https:\/\/silk-pajamas.com\/fr\/wp-json\/wp\/v2\/media\/2478"}],"wp:attachment":[{"href":"https:\/\/silk-pajamas.com\/fr\/wp-json\/wp\/v2\/media?parent=580"}],"wp:term":[{"taxonomy":"product_brand","embeddable":true,"href":"https:\/\/silk-pajamas.com\/fr\/wp-json\/wp\/v2\/product_brand?post=580"},{"taxonomy":"product_cat","embeddable":true,"href":"https:\/\/silk-pajamas.com\/fr\/wp-json\/wp\/v2\/product_cat?post=580"},{"taxonomy":"product_tag","embeddable":true,"href":"https:\/\/silk-pajamas.com\/fr\/wp-json\/wp\/v2\/product_tag?post=580"}],"curies":[{"name":"wp","href":"https:\/\/api.w.org\/{rel}","templated":true}]}}