{"id":583,"date":"2026-04-12T15:43:07","date_gmt":"2026-04-12T15:43:07","guid":{"rendered":"https:\/\/silk-pajamas.com\/19-momme-mulberry-silk-nightgown-bias-cut-lilac-vendor\/"},"modified":"2026-05-09T09:33:12","modified_gmt":"2026-05-09T09:33:12","slug":"19-momme-mulberry-silk-nightgown-bias-cut-lilac-vendor","status":"publish","type":"product","link":"https:\/\/silk-pajamas.com\/fr\/19-momme-mulberry-silk-nightgown-bias-cut-lilac-vendor\/","title":{"rendered":"19 Momme Mulberry Silk Nightgown Bias Cut Lilac Vendeur"},"content":{"rendered":"<p>Confectionn\u00e9e en soie de m\u00fbrier 19 momme, cette chemise de nuit \u00e0 glissi\u00e8re associe une coupe en biais \u00e0 une brillance douce et \u00e0 un toucher respirant. La finition lilas lui conf\u00e8re un look raffin\u00e9, tandis que les tailles XS, S, M, L, XL permettent de couvrir les besoins essentiels. Convient aux femmes et \u00e0 la garde-robe d'automne. Laver \u00e0 la main \u00e0 froid ou utiliser un cycle d\u00e9licat.<\/p>","protected":false},"excerpt":{"rendered":"<p>19 Chemise de nuit en soie Momme Mulberry, Lilas. Finition Bias Cut, drap\u00e9 doux et gamme de tailles XS, S, M, L, XL. Con\u00e7ue pour les femmes.<\/p>","protected":false},"featured_media":2506,"template":"","meta":{"_gspb_post_css":""},"product_brand":[],"product_cat":[21],"product_tag":[161,162,163],"class_list":{"0":"post-583","1":"product","2":"type-product","3":"status-publish","4":"has-post-thumbnail","6":"product_cat-silk-nightgowns","7":"product_tag-19-momme-silk-nightgown-lilac","8":"product_tag-mulberry-silk-nightgown-bias-cut","9":"product_tag-supplier-silk-nightgown-for-women","11":"first","12":"instock","13":"shipping-taxable","14":"purchasable","15":"product-type-simple"},"_links":{"self":[{"href":"https:\/\/silk-pajamas.com\/fr\/wp-json\/wp\/v2\/product\/583","targetHints":{"allow":["GET"]}}],"collection":[{"href":"https:\/\/silk-pajamas.com\/fr\/wp-json\/wp\/v2\/product"}],"about":[{"href":"https:\/\/silk-pajamas.com\/fr\/wp-json\/wp\/v2\/types\/product"}],"wp:featuredmedia":[{"embeddable":true,"href":"https:\/\/silk-pajamas.com\/fr\/wp-json\/wp\/v2\/media\/2506"}],"wp:attachment":[{"href":"https:\/\/silk-pajamas.com\/fr\/wp-json\/wp\/v2\/media?parent=583"}],"wp:term":[{"taxonomy":"product_brand","embeddable":true,"href":"https:\/\/silk-pajamas.com\/fr\/wp-json\/wp\/v2\/product_brand?post=583"},{"taxonomy":"product_cat","embeddable":true,"href":"https:\/\/silk-pajamas.com\/fr\/wp-json\/wp\/v2\/product_cat?post=583"},{"taxonomy":"product_tag","embeddable":true,"href":"https:\/\/silk-pajamas.com\/fr\/wp-json\/wp\/v2\/product_tag?post=583"}],"curies":[{"name":"wp","href":"https:\/\/api.w.org\/{rel}","templated":true}]}}