{"id":584,"date":"2026-04-12T15:43:08","date_gmt":"2026-04-12T15:43:08","guid":{"rendered":"https:\/\/silk-pajamas.com\/22-momme-crepe-silk-slip-nightgown-bias-cut-champagne\/"},"modified":"2026-05-09T08:52:26","modified_gmt":"2026-05-09T08:52:26","slug":"22-momme-crepe-silk-slip-nightgown-bias-cut-champagne","status":"publish","type":"product","link":"https:\/\/silk-pajamas.com\/fr\/22-momme-crepe-silk-slip-nightgown-bias-cut-champagne\/","title":{"rendered":"22 Momme Chemise de nuit en cr\u00eape de soie coupe biaise Champagne"},"content":{"rendered":"<p>R\u00e9alis\u00e9e en cr\u00eape de soie 22 momme, cette chemise de nuit \u00e0 glissi\u00e8re offre un drap\u00e9 lisse, un toucher doux et un mouvement \u00e9l\u00e9gant. La coupe en biais et la couleur champagne lui conf\u00e8rent un look raffin\u00e9 pour les assortiments de cadeaux. Disponible en S, M, L, XL, XXL. Laver \u00e0 la main \u00e0 froid ou utiliser un cycle d\u00e9licat.<\/p>","protected":false},"excerpt":{"rendered":"<p>22 Chemise de nuit en cr\u00eape de soie Momme, coloris champagne. Finition Bias Cut, drap\u00e9 doux et gamme de tailles S, M, L, XL, XXL. Con\u00e7ue pour les assortiments de cadeaux.<\/p>","protected":false},"featured_media":2449,"template":"","meta":{"_gspb_post_css":""},"product_brand":[],"product_cat":[21],"product_tag":[164,165,133],"class_list":{"0":"post-584","1":"product","2":"type-product","3":"status-publish","4":"has-post-thumbnail","6":"product_cat-silk-nightgowns","7":"product_tag-22-momme-silk-nightgown-champagne","8":"product_tag-crepe-silk-nightgown-bias-cut","9":"product_tag-manufacturer-silk-nightgown-for-gift-assortments","11":"first","12":"instock","13":"shipping-taxable","14":"purchasable","15":"product-type-simple"},"_links":{"self":[{"href":"https:\/\/silk-pajamas.com\/fr\/wp-json\/wp\/v2\/product\/584","targetHints":{"allow":["GET"]}}],"collection":[{"href":"https:\/\/silk-pajamas.com\/fr\/wp-json\/wp\/v2\/product"}],"about":[{"href":"https:\/\/silk-pajamas.com\/fr\/wp-json\/wp\/v2\/types\/product"}],"wp:featuredmedia":[{"embeddable":true,"href":"https:\/\/silk-pajamas.com\/fr\/wp-json\/wp\/v2\/media\/2449"}],"wp:attachment":[{"href":"https:\/\/silk-pajamas.com\/fr\/wp-json\/wp\/v2\/media?parent=584"}],"wp:term":[{"taxonomy":"product_brand","embeddable":true,"href":"https:\/\/silk-pajamas.com\/fr\/wp-json\/wp\/v2\/product_brand?post=584"},{"taxonomy":"product_cat","embeddable":true,"href":"https:\/\/silk-pajamas.com\/fr\/wp-json\/wp\/v2\/product_cat?post=584"},{"taxonomy":"product_tag","embeddable":true,"href":"https:\/\/silk-pajamas.com\/fr\/wp-json\/wp\/v2\/product_tag?post=584"}],"curies":[{"name":"wp","href":"https:\/\/api.w.org\/{rel}","templated":true}]}}