{"id":586,"date":"2026-04-12T15:43:08","date_gmt":"2026-04-12T15:43:08","guid":{"rendered":"https:\/\/silk-pajamas.com\/25-momme-mulberry-silk-nightgown-cowl-neck-blush-wholesale\/"},"modified":"2026-05-09T09:02:11","modified_gmt":"2026-05-09T09:02:11","slug":"25-momme-mulberry-silk-nightgown-cowl-neck-blush-wholesale","status":"publish","type":"product","link":"https:\/\/silk-pajamas.com\/fr\/25-momme-mulberry-silk-nightgown-cowl-neck-blush-wholesale\/","title":{"rendered":"25 Momme Mulberry Chemise de nuit en soie col b\u00e9nitier Blush Wholesale"},"content":{"rendered":"<p>Cette chemise de nuit est confectionn\u00e9e en soie de m\u00fbrier 25 mm dans un ton blush. Elle est dot\u00e9e d'un col b\u00e9nitier, d'un toucher doux et d'un drap\u00e9 confortable pour les garde-robes de mari\u00e9es. Ce mod\u00e8le convient aux tailles XS, S, M, L, XL et convient parfaitement aux tenues de printemps, aux cadeaux et au confort quotidien. Laver \u00e0 la main \u00e0 froid ou utiliser un cycle d\u00e9licat.<\/p>","protected":false},"excerpt":{"rendered":"<p>25 Chemise de nuit en soie Momme Mulberry, coloris Blush. Col b\u00e9nitier, toucher doux et tailles XS, S, M, L, XL. Con\u00e7ue pour la garde-robe des mari\u00e9es.<\/p>","protected":false},"featured_media":2458,"template":"","meta":{"_gspb_post_css":""},"product_brand":[],"product_cat":[21],"product_tag":[168,169,170],"class_list":{"0":"post-586","1":"product","2":"type-product","3":"status-publish","4":"has-post-thumbnail","6":"product_cat-silk-nightgowns","7":"product_tag-25-momme-silk-nightgown-blush","8":"product_tag-mulberry-silk-nightgown-cowl-neck","9":"product_tag-wholesale-silk-nightgown-for-bridal-wardrobes","11":"first","12":"instock","13":"featured","14":"shipping-taxable","15":"purchasable","16":"product-type-simple"},"_links":{"self":[{"href":"https:\/\/silk-pajamas.com\/fr\/wp-json\/wp\/v2\/product\/586","targetHints":{"allow":["GET"]}}],"collection":[{"href":"https:\/\/silk-pajamas.com\/fr\/wp-json\/wp\/v2\/product"}],"about":[{"href":"https:\/\/silk-pajamas.com\/fr\/wp-json\/wp\/v2\/types\/product"}],"wp:featuredmedia":[{"embeddable":true,"href":"https:\/\/silk-pajamas.com\/fr\/wp-json\/wp\/v2\/media\/2458"}],"wp:attachment":[{"href":"https:\/\/silk-pajamas.com\/fr\/wp-json\/wp\/v2\/media?parent=586"}],"wp:term":[{"taxonomy":"product_brand","embeddable":true,"href":"https:\/\/silk-pajamas.com\/fr\/wp-json\/wp\/v2\/product_brand?post=586"},{"taxonomy":"product_cat","embeddable":true,"href":"https:\/\/silk-pajamas.com\/fr\/wp-json\/wp\/v2\/product_cat?post=586"},{"taxonomy":"product_tag","embeddable":true,"href":"https:\/\/silk-pajamas.com\/fr\/wp-json\/wp\/v2\/product_tag?post=586"}],"curies":[{"name":"wp","href":"https:\/\/api.w.org\/{rel}","templated":true}]}}