{"id":589,"date":"2026-04-12T15:43:08","date_gmt":"2026-04-12T15:43:08","guid":{"rendered":"https:\/\/silk-pajamas.com\/16-momme-charmeuse-silk-nightgown-midi-pearl-wholesale\/"},"modified":"2026-05-09T09:07:13","modified_gmt":"2026-05-09T09:07:13","slug":"16-momme-charmeuse-silk-nightgown-midi-pearl-wholesale","status":"publish","type":"product","link":"https:\/\/silk-pajamas.com\/fr\/16-momme-charmeuse-silk-nightgown-midi-pearl-wholesale\/","title":{"rendered":"16 Momme Charmeuse Soie Chemise de nuit Midi Perle Wholesale"},"content":{"rendered":"<p>Cette chemise de nuit est confectionn\u00e9e en 16 momme charmeuse de soie dans un ton perl\u00e9. Elle se caract\u00e9rise par une coupe midi, un toucher doux et un drap\u00e9 confortable pour les femmes. Ce mod\u00e8le convient aux tailles S, M, L, XL, XXL et convient parfaitement aux tenues de printemps, aux cadeaux et au confort quotidien. Laver \u00e0 la main \u00e0 froid ou utiliser un cycle d\u00e9licat.<\/p>","protected":false},"excerpt":{"rendered":"<p>16 Chemise de nuit en soie charmeuse de Momme, coloris perle. Finition midi, l\u00e9g\u00e8ret\u00e9 et tailles S, M, L, XL, XXL. Con\u00e7ue pour la femme.<\/p>","protected":false},"featured_media":2467,"template":"","meta":{"_gspb_post_css":""},"product_brand":[],"product_cat":[21],"product_tag":[172,151,139],"class_list":{"0":"post-589","1":"product","2":"type-product","3":"status-publish","4":"has-post-thumbnail","6":"product_cat-silk-nightgowns","7":"product_tag-16-momme-silk-nightgown-pearl","8":"product_tag-charmeuse-silk-nightgown-midi","9":"product_tag-factory-silk-nightgown-for-women","11":"first","12":"instock","13":"shipping-taxable","14":"purchasable","15":"product-type-simple"},"_links":{"self":[{"href":"https:\/\/silk-pajamas.com\/fr\/wp-json\/wp\/v2\/product\/589","targetHints":{"allow":["GET"]}}],"collection":[{"href":"https:\/\/silk-pajamas.com\/fr\/wp-json\/wp\/v2\/product"}],"about":[{"href":"https:\/\/silk-pajamas.com\/fr\/wp-json\/wp\/v2\/types\/product"}],"wp:featuredmedia":[{"embeddable":true,"href":"https:\/\/silk-pajamas.com\/fr\/wp-json\/wp\/v2\/media\/2467"}],"wp:attachment":[{"href":"https:\/\/silk-pajamas.com\/fr\/wp-json\/wp\/v2\/media?parent=589"}],"wp:term":[{"taxonomy":"product_brand","embeddable":true,"href":"https:\/\/silk-pajamas.com\/fr\/wp-json\/wp\/v2\/product_brand?post=589"},{"taxonomy":"product_cat","embeddable":true,"href":"https:\/\/silk-pajamas.com\/fr\/wp-json\/wp\/v2\/product_cat?post=589"},{"taxonomy":"product_tag","embeddable":true,"href":"https:\/\/silk-pajamas.com\/fr\/wp-json\/wp\/v2\/product_tag?post=589"}],"curies":[{"name":"wp","href":"https:\/\/api.w.org\/{rel}","templated":true}]}}