{"id":593,"date":"2026-04-12T15:43:09","date_gmt":"2026-04-12T15:43:09","guid":{"rendered":"https:\/\/silk-pajamas.com\/19-momme-crepe-silk-pajama-set-contrast-trim-sage\/"},"modified":"2026-05-12T06:49:40","modified_gmt":"2026-05-12T06:49:40","slug":"19-momme-crepe-silk-pajama-set-contrast-trim-sage","status":"publish","type":"product","link":"https:\/\/silk-pajamas.com\/fr\/19-momme-crepe-silk-pajama-set-contrast-trim-sage\/","title":{"rendered":"19 Momme pyjama en cr\u00eape de soie bordures contrast\u00e9es sauge"},"content":{"rendered":"<p>Ce pyjama classique est r\u00e9alis\u00e9 en cr\u00eape de soie 19 momme dans un ton sage. Il pr\u00e9sente des bordures contrast\u00e9es, un toucher doux et un drap\u00e9 confortable pour les voyages. Le style s'adapte aux tailles personnalis\u00e9es et convient parfaitement aux v\u00eatements de toutes saisons, aux cadeaux et au confort quotidien. Laver \u00e0 la main \u00e0 froid ou utiliser un cycle d\u00e9licat.<\/p>","protected":false},"excerpt":{"rendered":"<p>19 Ensemble pyjama classique en cr\u00eape de soie Momme, coloris sauge. Finition en bordures contrast\u00e9es, toucher drap\u00e9 doux et gamme de tailles sur mesure. Con\u00e7u pour le voyage.<\/p>","protected":false},"featured_media":2437,"template":"","meta":{"_gspb_post_css":""},"product_brand":[],"product_cat":[20,15],"product_tag":[179,180,181],"class_list":{"0":"post-593","1":"product","2":"type-product","3":"status-publish","4":"has-post-thumbnail","6":"product_cat-silk-pajamas","7":"product_cat-silk-sleepwear","8":"product_tag-19-momme-silk-pajamas-sage","9":"product_tag-crepe-silk-pajamas-contrast-trim","10":"product_tag-wholesale-silk-pajamas-for-travel-use","12":"first","13":"instock","14":"featured","15":"shipping-taxable","16":"purchasable","17":"product-type-simple"},"_links":{"self":[{"href":"https:\/\/silk-pajamas.com\/fr\/wp-json\/wp\/v2\/product\/593","targetHints":{"allow":["GET"]}}],"collection":[{"href":"https:\/\/silk-pajamas.com\/fr\/wp-json\/wp\/v2\/product"}],"about":[{"href":"https:\/\/silk-pajamas.com\/fr\/wp-json\/wp\/v2\/types\/product"}],"wp:featuredmedia":[{"embeddable":true,"href":"https:\/\/silk-pajamas.com\/fr\/wp-json\/wp\/v2\/media\/2437"}],"wp:attachment":[{"href":"https:\/\/silk-pajamas.com\/fr\/wp-json\/wp\/v2\/media?parent=593"}],"wp:term":[{"taxonomy":"product_brand","embeddable":true,"href":"https:\/\/silk-pajamas.com\/fr\/wp-json\/wp\/v2\/product_brand?post=593"},{"taxonomy":"product_cat","embeddable":true,"href":"https:\/\/silk-pajamas.com\/fr\/wp-json\/wp\/v2\/product_cat?post=593"},{"taxonomy":"product_tag","embeddable":true,"href":"https:\/\/silk-pajamas.com\/fr\/wp-json\/wp\/v2\/product_tag?post=593"}],"curies":[{"name":"wp","href":"https:\/\/api.w.org\/{rel}","templated":true}]}}