{"id":595,"date":"2026-04-12T15:43:09","date_gmt":"2026-04-12T15:43:09","guid":{"rendered":"https:\/\/silk-pajamas.com\/22-momme-crepe-silk-pajamas-short-sleeve-navy-wholesale\/"},"modified":"2026-05-09T08:41:37","modified_gmt":"2026-05-09T08:41:37","slug":"22-momme-crepe-silk-pajamas-short-sleeve-navy-wholesale","status":"publish","type":"product","link":"https:\/\/silk-pajamas.com\/fr\/22-momme-crepe-silk-pajamas-short-sleeve-navy-wholesale\/","title":{"rendered":"22 Momme Pyjama en cr\u00eape de soie manches courtes Marine Wholesale"},"content":{"rendered":"<p>Cet ensemble de pyjama classique est fabriqu\u00e9 en 22 momme de cr\u00eape de soie dans un ton marine. Il se caract\u00e9rise par des manches courtes, un toucher doux et un drap\u00e9 confortable pour les assortiments de cadeaux. Ce mod\u00e8le convient aux tailles XS, S, M, L, XL, XXL et convient parfaitement aux tenues d'automne, aux cadeaux et au confort quotidien. Laver \u00e0 la main \u00e0 froid ou utiliser un cycle d\u00e9licat.<\/p>","protected":false},"excerpt":{"rendered":"<p>22 Ensemble pyjama classique en cr\u00eape de soie Momme, coloris marine. Finition manches courtes, sensation de r\u00e9gulation thermique et gamme de tailles XS, S, M, L, XL, XXL. Con\u00e7u pour les assortiments de cadeaux.<\/p>","protected":false},"featured_media":2418,"template":"","meta":{"_gspb_post_css":""},"product_brand":[],"product_cat":[20],"product_tag":[185,186,187],"class_list":{"0":"post-595","1":"product","2":"type-product","3":"status-publish","4":"has-post-thumbnail","6":"product_cat-silk-pajamas","7":"product_tag-22-momme-silk-pajamas-navy","8":"product_tag-crepe-silk-pajamas-short-sleeve","9":"product_tag-manufacturer-silk-pajamas-for-gift-assortments","11":"first","12":"instock","13":"shipping-taxable","14":"purchasable","15":"product-type-simple"},"_links":{"self":[{"href":"https:\/\/silk-pajamas.com\/fr\/wp-json\/wp\/v2\/product\/595","targetHints":{"allow":["GET"]}}],"collection":[{"href":"https:\/\/silk-pajamas.com\/fr\/wp-json\/wp\/v2\/product"}],"about":[{"href":"https:\/\/silk-pajamas.com\/fr\/wp-json\/wp\/v2\/types\/product"}],"wp:featuredmedia":[{"embeddable":true,"href":"https:\/\/silk-pajamas.com\/fr\/wp-json\/wp\/v2\/media\/2418"}],"wp:attachment":[{"href":"https:\/\/silk-pajamas.com\/fr\/wp-json\/wp\/v2\/media?parent=595"}],"wp:term":[{"taxonomy":"product_brand","embeddable":true,"href":"https:\/\/silk-pajamas.com\/fr\/wp-json\/wp\/v2\/product_brand?post=595"},{"taxonomy":"product_cat","embeddable":true,"href":"https:\/\/silk-pajamas.com\/fr\/wp-json\/wp\/v2\/product_cat?post=595"},{"taxonomy":"product_tag","embeddable":true,"href":"https:\/\/silk-pajamas.com\/fr\/wp-json\/wp\/v2\/product_tag?post=595"}],"curies":[{"name":"wp","href":"https:\/\/api.w.org\/{rel}","templated":true}]}}