{"id":599,"date":"2026-04-12T15:43:09","date_gmt":"2026-04-12T15:43:09","guid":{"rendered":"https:\/\/silk-pajamas.com\/25-momme-mulberry-silk-pajamas-long-sleeve-coffee\/"},"modified":"2026-05-09T08:51:04","modified_gmt":"2026-05-09T08:51:04","slug":"25-momme-mulberry-silk-pajamas-long-sleeve-coffee","status":"publish","type":"product","link":"https:\/\/silk-pajamas.com\/fr\/25-momme-mulberry-silk-pajamas-long-sleeve-coffee\/","title":{"rendered":"25 Momme Pyjama en soie de m\u00fbrier Manches longues Caf\u00e9"},"content":{"rendered":"<p>Ce pyjama classique est fabriqu\u00e9 en 25 momme de soie de m\u00fbrier dans un ton caf\u00e9. Il se caract\u00e9rise par des manches longues, un toucher doux et un drap\u00e9 confortable pour les femmes et les hommes. Ce mod\u00e8le convient aux tailles XL, XXL, 3XL et 4XL et peut \u00eatre port\u00e9 tout au long de l'ann\u00e9e, offert ou port\u00e9 au quotidien. Laver \u00e0 la main \u00e0 froid ou utiliser un cycle d\u00e9licat.<\/p>","protected":false},"excerpt":{"rendered":"<p>25 Ensemble pyjama classique en soie de m\u00fbrier de Momme, coloris caf\u00e9. Finition manches longues, toucher infroissable et gamme de tailles XL, XXL, 3XL, 4XL. Con\u00e7u pour les femmes et les hommes.<\/p>","protected":false},"featured_media":2444,"template":"","meta":{"_gspb_post_css":""},"product_brand":[],"product_cat":[20],"product_tag":[196,197,198],"class_list":{"0":"post-599","1":"product","2":"type-product","3":"status-publish","4":"has-post-thumbnail","6":"product_cat-silk-pajamas","7":"product_tag-25-momme-silk-pajamas-coffee","8":"product_tag-mulberry-silk-pajamas-long-sleeve","9":"product_tag-wholesale-silk-pajamas-for-women-and-men","11":"first","12":"instock","13":"shipping-taxable","14":"purchasable","15":"product-type-simple"},"_links":{"self":[{"href":"https:\/\/silk-pajamas.com\/fr\/wp-json\/wp\/v2\/product\/599","targetHints":{"allow":["GET"]}}],"collection":[{"href":"https:\/\/silk-pajamas.com\/fr\/wp-json\/wp\/v2\/product"}],"about":[{"href":"https:\/\/silk-pajamas.com\/fr\/wp-json\/wp\/v2\/types\/product"}],"wp:featuredmedia":[{"embeddable":true,"href":"https:\/\/silk-pajamas.com\/fr\/wp-json\/wp\/v2\/media\/2444"}],"wp:attachment":[{"href":"https:\/\/silk-pajamas.com\/fr\/wp-json\/wp\/v2\/media?parent=599"}],"wp:term":[{"taxonomy":"product_brand","embeddable":true,"href":"https:\/\/silk-pajamas.com\/fr\/wp-json\/wp\/v2\/product_brand?post=599"},{"taxonomy":"product_cat","embeddable":true,"href":"https:\/\/silk-pajamas.com\/fr\/wp-json\/wp\/v2\/product_cat?post=599"},{"taxonomy":"product_tag","embeddable":true,"href":"https:\/\/silk-pajamas.com\/fr\/wp-json\/wp\/v2\/product_tag?post=599"}],"curies":[{"name":"wp","href":"https:\/\/api.w.org\/{rel}","templated":true}]}}