{"id":601,"date":"2026-04-12T15:43:10","date_gmt":"2026-04-12T15:43:10","guid":{"rendered":"https:\/\/silk-pajamas.com\/19-momme-crepe-silk-pajama-set-piped-champagne\/"},"modified":"2026-05-09T07:50:27","modified_gmt":"2026-05-09T07:50:27","slug":"19-momme-crepe-silk-pajama-set-piped-champagne","status":"publish","type":"product","link":"https:\/\/silk-pajamas.com\/fr\/19-momme-crepe-silk-pajama-set-piped-champagne\/","title":{"rendered":"19 Momme Pyjama en cr\u00eape de soie Piped Champagne"},"content":{"rendered":"<p>Ce pyjama classique est r\u00e9alis\u00e9 en cr\u00eape de soie 19 momme dans un ton champagne. Il pr\u00e9sente des passepoils, une sensation de douceur et un drap\u00e9 confortable pour les femmes. Ce mod\u00e8le convient aux tailles S, M, L et XL et peut \u00eatre port\u00e9 tout au long de l'ann\u00e9e, offert ou port\u00e9 au quotidien. Laver \u00e0 la main \u00e0 froid ou utiliser un cycle d\u00e9licat.<\/p>","protected":false},"excerpt":{"rendered":"<p>19 Ensemble pyjama classique en cr\u00eape de soie Momme, coloris champagne. Finition passepoil\u00e9e, l\u00e9g\u00e8ret\u00e9 et tailles S, M, L, XL. Con\u00e7u pour la femme.<\/p>","protected":false},"featured_media":2406,"template":"","meta":{"_gspb_post_css":""},"product_brand":[],"product_cat":[20],"product_tag":[200,201,184],"class_list":{"0":"post-601","1":"product","2":"type-product","3":"status-publish","4":"has-post-thumbnail","6":"product_cat-silk-pajamas","7":"product_tag-19-momme-silk-pajamas-champagne","8":"product_tag-crepe-silk-pajamas-piped","9":"product_tag-manufacturer-silk-pajamas-for-women","11":"first","12":"instock","13":"shipping-taxable","14":"purchasable","15":"product-type-simple"},"_links":{"self":[{"href":"https:\/\/silk-pajamas.com\/fr\/wp-json\/wp\/v2\/product\/601","targetHints":{"allow":["GET"]}}],"collection":[{"href":"https:\/\/silk-pajamas.com\/fr\/wp-json\/wp\/v2\/product"}],"about":[{"href":"https:\/\/silk-pajamas.com\/fr\/wp-json\/wp\/v2\/types\/product"}],"wp:featuredmedia":[{"embeddable":true,"href":"https:\/\/silk-pajamas.com\/fr\/wp-json\/wp\/v2\/media\/2406"}],"wp:attachment":[{"href":"https:\/\/silk-pajamas.com\/fr\/wp-json\/wp\/v2\/media?parent=601"}],"wp:term":[{"taxonomy":"product_brand","embeddable":true,"href":"https:\/\/silk-pajamas.com\/fr\/wp-json\/wp\/v2\/product_brand?post=601"},{"taxonomy":"product_cat","embeddable":true,"href":"https:\/\/silk-pajamas.com\/fr\/wp-json\/wp\/v2\/product_cat?post=601"},{"taxonomy":"product_tag","embeddable":true,"href":"https:\/\/silk-pajamas.com\/fr\/wp-json\/wp\/v2\/product_tag?post=601"}],"curies":[{"name":"wp","href":"https:\/\/api.w.org\/{rel}","templated":true}]}}