{"id":602,"date":"2026-04-12T15:43:10","date_gmt":"2026-04-12T15:43:10","guid":{"rendered":"https:\/\/silk-pajamas.com\/16-momme-mulberry-silk-pajama-set-piped-lilac-manufacturer\/"},"modified":"2026-05-09T07:53:03","modified_gmt":"2026-05-09T07:53:03","slug":"16-momme-mulberry-silk-pajama-set-piped-lilac-manufacturer","status":"publish","type":"product","link":"https:\/\/silk-pajamas.com\/fr\/16-momme-mulberry-silk-pajama-set-piped-lilac-manufacturer\/","title":{"rendered":"16 Momme Ensemble pyjama en soie de m\u00fbrier passepoil\u00e9 lilas Fabricant"},"content":{"rendered":"<p>Ce pyjama classique est r\u00e9alis\u00e9 en soie de m\u00fbrier 16 momme dans un ton lilas. Il pr\u00e9sente des passepoils, un toucher doux et un drap\u00e9 confortable pour les voyages. Ce mod\u00e8le convient aux tailles XL, XXL, 3XL et 4XL et peut \u00eatre port\u00e9 tout au long de l'ann\u00e9e, offert en cadeau ou utilis\u00e9 au quotidien. Laver \u00e0 la main \u00e0 froid ou utiliser un cycle d\u00e9licat.<\/p>","protected":false},"excerpt":{"rendered":"<p>16 Ensemble pyjama classique en soie de m\u00fbrier de Momme, coloris lilas. Finition passepoil\u00e9e, toucher infroissable et gamme de tailles XL, XXL, 3XL, 4XL. Con\u00e7u pour le voyage.<\/p>","protected":false},"featured_media":2407,"template":"","meta":{"_gspb_post_css":""},"product_brand":[],"product_cat":[20],"product_tag":[202,203,204],"class_list":{"0":"post-602","1":"product","2":"type-product","3":"status-publish","4":"has-post-thumbnail","6":"product_cat-silk-pajamas","7":"product_tag-16-momme-silk-pajamas-lilac","8":"product_tag-mulberry-silk-pajamas-piped","9":"product_tag-supplier-silk-pajamas-for-travel-use","11":"first","12":"instock","13":"shipping-taxable","14":"purchasable","15":"product-type-simple"},"_links":{"self":[{"href":"https:\/\/silk-pajamas.com\/fr\/wp-json\/wp\/v2\/product\/602","targetHints":{"allow":["GET"]}}],"collection":[{"href":"https:\/\/silk-pajamas.com\/fr\/wp-json\/wp\/v2\/product"}],"about":[{"href":"https:\/\/silk-pajamas.com\/fr\/wp-json\/wp\/v2\/types\/product"}],"wp:featuredmedia":[{"embeddable":true,"href":"https:\/\/silk-pajamas.com\/fr\/wp-json\/wp\/v2\/media\/2407"}],"wp:attachment":[{"href":"https:\/\/silk-pajamas.com\/fr\/wp-json\/wp\/v2\/media?parent=602"}],"wp:term":[{"taxonomy":"product_brand","embeddable":true,"href":"https:\/\/silk-pajamas.com\/fr\/wp-json\/wp\/v2\/product_brand?post=602"},{"taxonomy":"product_cat","embeddable":true,"href":"https:\/\/silk-pajamas.com\/fr\/wp-json\/wp\/v2\/product_cat?post=602"},{"taxonomy":"product_tag","embeddable":true,"href":"https:\/\/silk-pajamas.com\/fr\/wp-json\/wp\/v2\/product_tag?post=602"}],"curies":[{"name":"wp","href":"https:\/\/api.w.org\/{rel}","templated":true}]}}