{"id":605,"date":"2026-04-12T15:43:10","date_gmt":"2026-04-12T15:43:10","guid":{"rendered":"https:\/\/silk-pajamas.com\/16-momme-mulberry-silk-pajamas-pocketed-ivory-wholesale\/"},"modified":"2026-05-09T08:00:29","modified_gmt":"2026-05-09T08:00:29","slug":"16-momme-mulberry-silk-pajamas-pocketed-ivory-wholesale","status":"publish","type":"product","link":"https:\/\/silk-pajamas.com\/fr\/16-momme-mulberry-silk-pajamas-pocketed-ivory-wholesale\/","title":{"rendered":"16 Momme Pyjama en soie de m\u00fbrier Pocketed Ivory Wholesale"},"content":{"rendered":"<p>Fabriqu\u00e9 avec de la soie de m\u00fbrier de 16 mm, ce pyjama classique offre un toucher doux, une sensation agr\u00e9able sur la peau et un mouvement \u00e9l\u00e9gant. La construction \u00e0 poches et la couleur ivoire permettent aux femmes de rester \u00e9l\u00e9gantes. Disponible en version personnalis\u00e9e. Laver \u00e0 la main \u00e0 froid ou utiliser un cycle d\u00e9licat.<\/p>","protected":false},"excerpt":{"rendered":"<p>16 Ensemble pyjama classique en soie de m\u00fbrier de Momme en ivoire. Finition empoch\u00e9e, toucher doux et taille sur mesure. Con\u00e7u pour les femmes.<\/p>","protected":false},"featured_media":2414,"template":"","meta":{"_gspb_post_css":""},"product_brand":[],"product_cat":[20],"product_tag":[211,212,207],"class_list":{"0":"post-605","1":"product","2":"type-product","3":"status-publish","4":"has-post-thumbnail","6":"product_cat-silk-pajamas","7":"product_tag-16-momme-silk-pajamas-ivory","8":"product_tag-mulberry-silk-pajamas-pocketed","9":"product_tag-supplier-silk-pajamas-for-women","11":"first","12":"instock","13":"shipping-taxable","14":"purchasable","15":"product-type-simple"},"_links":{"self":[{"href":"https:\/\/silk-pajamas.com\/fr\/wp-json\/wp\/v2\/product\/605","targetHints":{"allow":["GET"]}}],"collection":[{"href":"https:\/\/silk-pajamas.com\/fr\/wp-json\/wp\/v2\/product"}],"about":[{"href":"https:\/\/silk-pajamas.com\/fr\/wp-json\/wp\/v2\/types\/product"}],"wp:featuredmedia":[{"embeddable":true,"href":"https:\/\/silk-pajamas.com\/fr\/wp-json\/wp\/v2\/media\/2414"}],"wp:attachment":[{"href":"https:\/\/silk-pajamas.com\/fr\/wp-json\/wp\/v2\/media?parent=605"}],"wp:term":[{"taxonomy":"product_brand","embeddable":true,"href":"https:\/\/silk-pajamas.com\/fr\/wp-json\/wp\/v2\/product_brand?post=605"},{"taxonomy":"product_cat","embeddable":true,"href":"https:\/\/silk-pajamas.com\/fr\/wp-json\/wp\/v2\/product_cat?post=605"},{"taxonomy":"product_tag","embeddable":true,"href":"https:\/\/silk-pajamas.com\/fr\/wp-json\/wp\/v2\/product_tag?post=605"}],"curies":[{"name":"wp","href":"https:\/\/api.w.org\/{rel}","templated":true}]}}