{"id":606,"date":"2026-04-12T15:43:10","date_gmt":"2026-04-12T15:43:10","guid":{"rendered":"https:\/\/silk-pajamas.com\/25-momme-mulberry-silk-pajamas-short-sleeve-emerald\/"},"modified":"2026-05-09T08:02:14","modified_gmt":"2026-05-09T08:02:14","slug":"25-momme-mulberry-silk-pajamas-short-sleeve-emerald","status":"publish","type":"product","link":"https:\/\/silk-pajamas.com\/fr\/25-momme-mulberry-silk-pajamas-short-sleeve-emerald\/","title":{"rendered":"25 Momme Pyjama en soie de m\u00fbrier Manches courtes \u00c9meraude"},"content":{"rendered":"<p>Cet ensemble de pyjama classique est fabriqu\u00e9 \u00e0 partir de 25 momme de soie de m\u00fbrier dans un ton \u00e9meraude. Il se caract\u00e9rise par des manches courtes, un toucher doux et un drap\u00e9 confortable pour les assortiments de cadeaux. Le style convient aux tailles Custom et convient parfaitement aux v\u00eatements de printemps, aux cadeaux et au confort quotidien. Laver \u00e0 la main \u00e0 froid ou utiliser un cycle d\u00e9licat.<\/p>","protected":false},"excerpt":{"rendered":"<p>25 Ensemble pyjama classique en soie de m\u00fbrier de Momme, coloris \u00e9meraude. Finition manches courtes, l\u00e9g\u00e8ret\u00e9 et taille sur mesure. Con\u00e7u pour les assortiments de cadeaux.<\/p>","protected":false},"featured_media":2415,"template":"","meta":{"_gspb_post_css":""},"product_brand":[],"product_cat":[20],"product_tag":[213,214,215],"class_list":{"0":"post-606","1":"product","2":"type-product","3":"status-publish","4":"has-post-thumbnail","6":"product_cat-silk-pajamas","7":"product_tag-25-momme-silk-pajamas-emerald","8":"product_tag-mulberry-silk-pajamas-short-sleeve","9":"product_tag-wholesale-silk-pajamas-for-gift-assortments","11":"first","12":"instock","13":"shipping-taxable","14":"purchasable","15":"product-type-simple"},"_links":{"self":[{"href":"https:\/\/silk-pajamas.com\/fr\/wp-json\/wp\/v2\/product\/606","targetHints":{"allow":["GET"]}}],"collection":[{"href":"https:\/\/silk-pajamas.com\/fr\/wp-json\/wp\/v2\/product"}],"about":[{"href":"https:\/\/silk-pajamas.com\/fr\/wp-json\/wp\/v2\/types\/product"}],"wp:featuredmedia":[{"embeddable":true,"href":"https:\/\/silk-pajamas.com\/fr\/wp-json\/wp\/v2\/media\/2415"}],"wp:attachment":[{"href":"https:\/\/silk-pajamas.com\/fr\/wp-json\/wp\/v2\/media?parent=606"}],"wp:term":[{"taxonomy":"product_brand","embeddable":true,"href":"https:\/\/silk-pajamas.com\/fr\/wp-json\/wp\/v2\/product_brand?post=606"},{"taxonomy":"product_cat","embeddable":true,"href":"https:\/\/silk-pajamas.com\/fr\/wp-json\/wp\/v2\/product_cat?post=606"},{"taxonomy":"product_tag","embeddable":true,"href":"https:\/\/silk-pajamas.com\/fr\/wp-json\/wp\/v2\/product_tag?post=606"}],"curies":[{"name":"wp","href":"https:\/\/api.w.org\/{rel}","templated":true}]}}