{"id":608,"date":"2026-04-12T15:43:10","date_gmt":"2026-04-12T15:43:10","guid":{"rendered":"https:\/\/silk-pajamas.com\/19-momme-crepe-silk-pajama-set-pocketed-lilac\/"},"modified":"2026-05-09T08:04:02","modified_gmt":"2026-05-09T08:04:02","slug":"19-momme-crepe-silk-pajama-set-pocketed-lilac","status":"publish","type":"product","link":"https:\/\/silk-pajamas.com\/fr\/19-momme-crepe-silk-pajama-set-pocketed-lilac\/","title":{"rendered":"19 Momme - Pyjama en cr\u00eape de soie avec poches Lilas"},"content":{"rendered":"<p>Ce pyjama classique est r\u00e9alis\u00e9 en cr\u00eape de soie 19 momme dans un ton lilas. Il pr\u00e9sente des poches, une sensation de douceur et un drap\u00e9 confortable pour les femmes. Ce mod\u00e8le convient aux tailles S, M, L et XL et convient parfaitement \u00e0 une utilisation en toute saison, \u00e0 un cadeau ou au confort quotidien. Laver \u00e0 la main \u00e0 froid ou utiliser un cycle d\u00e9licat.<\/p>","protected":false},"excerpt":{"rendered":"<p>19 Ensemble pyjama classique en cr\u00eape de soie Momme, coloris lilas. Finition empoch\u00e9e, toucher infroissable et gamme de tailles S, M, L, XL. Con\u00e7u pour la femme.<\/p>","protected":false},"featured_media":2407,"template":"","meta":{"_gspb_post_css":""},"product_brand":[],"product_cat":[20],"product_tag":[217,183,184],"class_list":{"0":"post-608","1":"product","2":"type-product","3":"status-publish","4":"has-post-thumbnail","6":"product_cat-silk-pajamas","7":"product_tag-19-momme-silk-pajamas-lilac","8":"product_tag-crepe-silk-pajamas-pocketed","9":"product_tag-manufacturer-silk-pajamas-for-women","11":"first","12":"instock","13":"featured","14":"shipping-taxable","15":"purchasable","16":"product-type-simple"},"_links":{"self":[{"href":"https:\/\/silk-pajamas.com\/fr\/wp-json\/wp\/v2\/product\/608","targetHints":{"allow":["GET"]}}],"collection":[{"href":"https:\/\/silk-pajamas.com\/fr\/wp-json\/wp\/v2\/product"}],"about":[{"href":"https:\/\/silk-pajamas.com\/fr\/wp-json\/wp\/v2\/types\/product"}],"wp:featuredmedia":[{"embeddable":true,"href":"https:\/\/silk-pajamas.com\/fr\/wp-json\/wp\/v2\/media\/2407"}],"wp:attachment":[{"href":"https:\/\/silk-pajamas.com\/fr\/wp-json\/wp\/v2\/media?parent=608"}],"wp:term":[{"taxonomy":"product_brand","embeddable":true,"href":"https:\/\/silk-pajamas.com\/fr\/wp-json\/wp\/v2\/product_brand?post=608"},{"taxonomy":"product_cat","embeddable":true,"href":"https:\/\/silk-pajamas.com\/fr\/wp-json\/wp\/v2\/product_cat?post=608"},{"taxonomy":"product_tag","embeddable":true,"href":"https:\/\/silk-pajamas.com\/fr\/wp-json\/wp\/v2\/product_tag?post=608"}],"curies":[{"name":"wp","href":"https:\/\/api.w.org\/{rel}","templated":true}]}}